{"id":1017,"date":"2021-04-25T09:47:53","date_gmt":"2021-04-25T09:47:53","guid":{"rendered":"https:\/\/architekturpsychologie.net\/?page_id=1017"},"modified":"2021-06-20T11:52:48","modified_gmt":"2021-06-20T11:52:48","slug":"impressum","status":"publish","type":"page","link":"https:\/\/architekturpsychologie.net\/?page_id=1017","title":{"rendered":"IMPRESSUM \/ DATENSCHUTZ"},"content":{"rendered":"\t\t<div data-elementor-type=\"wp-page\" data-elementor-id=\"1017\" class=\"elementor elementor-1017\">\n\t\t\t\t\t\t\t\t\t<section class=\"elementor-section elementor-top-section elementor-element elementor-element-c603b31 elementor-section-boxed elementor-section-height-default elementor-section-height-default\" data-id=\"c603b31\" data-element_type=\"section\">\n\t\t\t\t\t\t<div class=\"elementor-container elementor-column-gap-default\">\n\t\t\t\t\t<div class=\"elementor-column elementor-col-100 elementor-top-column elementor-element elementor-element-86ab627\" data-id=\"86ab627\" data-element_type=\"column\">\n\t\t\t<div class=\"elementor-widget-wrap elementor-element-populated\">\n\t\t\t\t\t\t\t\t<div class=\"elementor-element elementor-element-2ae7091 elementor-widget elementor-widget-spacer\" data-id=\"2ae7091\" data-element_type=\"widget\" data-widget_type=\"spacer.default\">\n\t\t\t\t<div class=\"elementor-widget-container\">\n\t\t\t\t\t<div class=\"elementor-spacer\">\n\t\t\t<div class=\"elementor-spacer-inner\"><\/div>\n\t\t<\/div>\n\t\t\t\t<\/div>\n\t\t\t\t<\/div>\n\t\t\t\t\t<\/div>\n\t\t<\/div>\n\t\t\t\t\t\t\t<\/div>\n\t\t<\/section>\n\t\t\t\t<section class=\"elementor-section elementor-top-section elementor-element elementor-element-cd03eba elementor-section-boxed elementor-section-height-default elementor-section-height-default\" data-id=\"cd03eba\" data-element_type=\"section\">\n\t\t\t\t\t\t<div class=\"elementor-container elementor-column-gap-default\">\n\t\t\t\t\t<div class=\"elementor-column elementor-col-100 elementor-top-column elementor-element elementor-element-57bd059\" data-id=\"57bd059\" data-element_type=\"column\">\n\t\t\t<div class=\"elementor-widget-wrap elementor-element-populated\">\n\t\t\t\t\t\t\t\t<div class=\"elementor-element elementor-element-241b633 elementor-widget elementor-widget-image\" data-id=\"241b633\" data-element_type=\"widget\" data-widget_type=\"image.default\">\n\t\t\t\t<div class=\"elementor-widget-container\">\n\t\t\t\t\t\t\t\t\t\t\t\t\t\t\t<img width=\"1024\" height=\"683\" src=\"https:\/\/architekturpsychologie.net\/wp-content\/uploads\/2021\/04\/architecture-828596_1920-1024x683.jpg\" class=\"attachment-large size-large wp-image-1151\" alt=\"\" loading=\"lazy\" srcset=\"https:\/\/architekturpsychologie.net\/wp-content\/uploads\/2021\/04\/architecture-828596_1920-1024x683.jpg 1024w, https:\/\/architekturpsychologie.net\/wp-content\/uploads\/2021\/04\/architecture-828596_1920-300x200.jpg 300w, https:\/\/architekturpsychologie.net\/wp-content\/uploads\/2021\/04\/architecture-828596_1920-768x512.jpg 768w, https:\/\/architekturpsychologie.net\/wp-content\/uploads\/2021\/04\/architecture-828596_1920-1536x1024.jpg 1536w, https:\/\/architekturpsychologie.net\/wp-content\/uploads\/2021\/04\/architecture-828596_1920-720x480.jpg 720w, https:\/\/architekturpsychologie.net\/wp-content\/uploads\/2021\/04\/architecture-828596_1920.jpg 1920w\" sizes=\"(max-width: 1024px) 100vw, 1024px\" \/>\t\t\t\t\t\t\t\t\t\t\t\t\t\t\t<\/div>\n\t\t\t\t<\/div>\n\t\t\t\t\t<\/div>\n\t\t<\/div>\n\t\t\t\t\t\t\t<\/div>\n\t\t<\/section>\n\t\t\t\t<section class=\"elementor-section elementor-top-section elementor-element elementor-element-2c62fd79 elementor-section-content-middle elementor-section-boxed elementor-section-height-default elementor-section-height-default\" data-id=\"2c62fd79\" data-element_type=\"section\">\n\t\t\t\t\t\t<div class=\"elementor-container elementor-column-gap-no\">\n\t\t\t\t\t<div class=\"elementor-column elementor-col-50 elementor-top-column elementor-element elementor-element-2e32f9c6\" data-id=\"2e32f9c6\" data-element_type=\"column\">\n\t\t\t<div class=\"elementor-widget-wrap elementor-element-populated\">\n\t\t\t\t\t\t\t\t<div class=\"elementor-element elementor-element-689e1493 elementor-widget-divider--view-line elementor-widget elementor-widget-divider\" data-id=\"689e1493\" data-element_type=\"widget\" data-widget_type=\"divider.default\">\n\t\t\t\t<div class=\"elementor-widget-container\">\n\t\t\t\t\t<div class=\"elementor-divider\">\n\t\t\t<span class=\"elementor-divider-separator\">\n\t\t\t\t\t\t<\/span>\n\t\t<\/div>\n\t\t\t\t<\/div>\n\t\t\t\t<\/div>\n\t\t\t\t<div class=\"elementor-element elementor-element-4377551d elementor-widget elementor-widget-heading\" data-id=\"4377551d\" data-element_type=\"widget\" data-widget_type=\"heading.default\">\n\t\t\t\t<div class=\"elementor-widget-container\">\n\t\t\t<h4 class=\"elementor-heading-title elementor-size-default\">Impressum<\/h4>\t\t<\/div>\n\t\t\t\t<\/div>\n\t\t\t\t\t<\/div>\n\t\t<\/div>\n\t\t\t\t<div class=\"elementor-column elementor-col-50 elementor-top-column elementor-element elementor-element-374c29bb\" data-id=\"374c29bb\" data-element_type=\"column\">\n\t\t\t<div class=\"elementor-widget-wrap elementor-element-populated\">\n\t\t\t\t\t\t\t\t<div class=\"elementor-element elementor-element-308552a7 elementor-widget elementor-widget-text-editor\" data-id=\"308552a7\" data-element_type=\"widget\" data-widget_type=\"text-editor.default\">\n\t\t\t\t<div class=\"elementor-widget-container\">\n\t\t\t\t\t\t\t<p>Verantwortlich:<\/p>\n<p>Heidrun\u00a0Reusch<br \/>Sch\u00f6nbichlstr.\u00a047<br \/>82211\u00a0Herrsching a. Ammersee<\/p>\n<p>Kontakt:<br \/>Telefon:\u00a0\u00a0+49 171 757 65 63<br \/>E-Mail:\u00a0info@architekturpsychologie.net<\/p>\n<p>Bankverbindung: Commerzbank M\u00fcnchen<\/p>\n<p>IBAN: DE74 7008 0000 0382 0178 00<br \/>BIC: DRESDEFF700<\/p>\n<p>Umsatzsteuer-ID<br \/>Umsatzsteuer-Identifikationsnummer:<\/p>\t\t\t\t\t\t<\/div>\n\t\t\t\t<\/div>\n\t\t\t\t<div class=\"elementor-element elementor-element-528735d6 elementor-widget elementor-widget-text-editor\" data-id=\"528735d6\" data-element_type=\"widget\" data-widget_type=\"text-editor.default\">\n\t\t\t\t<div class=\"elementor-widget-container\">\n\t\t\t\t\t\t\t<div><p>Tel.: 0171 757 65 63 info@architekturpsychologie.net<\/p><\/div><div>\u00a0<\/div>\t\t\t\t\t\t<\/div>\n\t\t\t\t<\/div>\n\t\t\t\t\t<\/div>\n\t\t<\/div>\n\t\t\t\t\t\t\t<\/div>\n\t\t<\/section>\n\t\t\t\t<section class=\"elementor-section elementor-top-section elementor-element elementor-element-572d25b elementor-section-boxed elementor-section-height-default elementor-section-height-default\" data-id=\"572d25b\" data-element_type=\"section\">\n\t\t\t\t\t\t<div class=\"elementor-container elementor-column-gap-default\">\n\t\t\t\t\t<div class=\"elementor-column elementor-col-100 elementor-top-column elementor-element elementor-element-b57cb9b\" data-id=\"b57cb9b\" data-element_type=\"column\">\n\t\t\t<div class=\"elementor-widget-wrap elementor-element-populated\">\n\t\t\t\t\t\t\t\t<div class=\"elementor-element elementor-element-033d0d7 elementor-widget elementor-widget-image\" data-id=\"033d0d7\" data-element_type=\"widget\" data-widget_type=\"image.default\">\n\t\t\t\t<div class=\"elementor-widget-container\">\n\t\t\t\t\t\t\t\t\t\t\t\t\t\t\t<img src=\"https:\/\/architekturpsychologie.net\/wp-content\/uploads\/2021\/06\/Bildschirmfoto-2021-04-14-um-19.59.28.png\" title=\"\" alt=\"\" loading=\"lazy\" \/>\t\t\t\t\t\t\t\t\t\t\t\t\t\t\t<\/div>\n\t\t\t\t<\/div>\n\t\t\t\t\t<\/div>\n\t\t<\/div>\n\t\t\t\t\t\t\t<\/div>\n\t\t<\/section>\n\t\t\t\t<section class=\"elementor-section elementor-top-section elementor-element elementor-element-2ba10f66 elementor-section-content-middle elementor-section-boxed elementor-section-height-default elementor-section-height-default\" data-id=\"2ba10f66\" data-element_type=\"section\">\n\t\t\t\t\t\t<div class=\"elementor-container elementor-column-gap-no\">\n\t\t\t\t\t<div class=\"elementor-column elementor-col-50 elementor-top-column elementor-element elementor-element-27115b29\" data-id=\"27115b29\" data-element_type=\"column\">\n\t\t\t<div class=\"elementor-widget-wrap elementor-element-populated\">\n\t\t\t\t\t\t\t\t<div class=\"elementor-element elementor-element-57fe609e elementor-widget-divider--view-line elementor-widget elementor-widget-divider\" data-id=\"57fe609e\" data-element_type=\"widget\" data-widget_type=\"divider.default\">\n\t\t\t\t<div class=\"elementor-widget-container\">\n\t\t\t\t\t<div class=\"elementor-divider\">\n\t\t\t<span class=\"elementor-divider-separator\">\n\t\t\t\t\t\t<\/span>\n\t\t<\/div>\n\t\t\t\t<\/div>\n\t\t\t\t<\/div>\n\t\t\t\t<div class=\"elementor-element elementor-element-44396543 elementor-widget elementor-widget-heading\" data-id=\"44396543\" data-element_type=\"widget\" data-widget_type=\"heading.default\">\n\t\t\t\t<div class=\"elementor-widget-container\">\n\t\t\t<h4 class=\"elementor-heading-title elementor-size-small\">DATEN-\nSCHUTZ<\/h4>\t\t<\/div>\n\t\t\t\t<\/div>\n\t\t\t\t\t<\/div>\n\t\t<\/div>\n\t\t\t\t<div class=\"elementor-column elementor-col-50 elementor-top-column elementor-element elementor-element-43dabdb1\" data-id=\"43dabdb1\" data-element_type=\"column\">\n\t\t\t<div class=\"elementor-widget-wrap elementor-element-populated\">\n\t\t\t\t\t\t\t\t<div class=\"elementor-element elementor-element-4a7c4ca3 elementor-widget elementor-widget-text-editor\" data-id=\"4a7c4ca3\" data-element_type=\"widget\" data-widget_type=\"text-editor.default\">\n\t\t\t\t<div class=\"elementor-widget-container\">\n\t\t\t\t\t\t\t<p>Allgemein:<\/p>\n<p>Verantwortlich:\u00a0Heidrun Reusch Kontaktdaten: +49 171 757 65 63, info@architekturpsychologie.net<\/p>\n<p>Die architekturpsychologie.net nimmt die Daten bez\u00fcglich Anmeldung, Dauer, Bezahlung und die Adressangaben auf. Diese Daten k\u00f6nnen jederzeit von den Seminar-Teilnehmer\/innen nach Absprache pers\u00f6nlich eingesehen werden.\u00a0<\/p>\n<p>Es werden f\u00fcr einen h\u00f6heren Bekanntheitsgrad regelm\u00e4\u00dfig auf der architekturpsychologie.net-Homepage und in den sozialen Medien (Facebook, Instagram) Fotos ver\u00f6ffentlicht. Daf\u00fcr wird eine schriftliche Einwilligung der Seminar-Teilnehmer\/innen vorausgesetzt.<\/p>\n<p>Nach Absprache k\u00f6nnen Daten sofort gel\u00f6scht werden. Die L\u00f6schung der gespeicherten, schriftlichen Daten erfolgt automatisch zwei Jahre nach Beenden der Teilnahme und zehn Jahre nach Abschluss der Pr\u00fcfung.\u00a0<\/p>\n<p>Die architekturpsychologie.net trifft die ihr m\u00f6glichen Ma\u00dfnahmen, wie automatische Betriebssystem- und Browser-Updates, den bei Apple integrierten Virenscanner, die Verschl\u00fcsselung der Homepage, w\u00f6chentlichen Backups auf externe Festplatte und Ger\u00e4te-Passw\u00f6rter, Bio-Scanner zur Sicherung der Daten.<\/p>\n<p>Die im Anmeldeformular dieser Homepage verwendete Captcha Dienste verschl\u00fcsseln Ihre Daten und geben sie an Google weiter. Bitte sehen Sie auch unter: https:\/\/www.google.com\/intl\/de\/policies\/privacy\/<\/p>\n<p>Bitte sehen Sie auch unter:<\/p>\n<p>https:\/\/hosting.1und1.de\/terms-gtc\/terms-privacy\/<\/p>\n<p>Keine Abmahnung ohne vorherigen Kontakt!<\/p>\n<p>\u00a0<\/p>\n<p>Copyrightvermerk:<\/p>\n<p>Fotos der architekturpsychologie.net auf den Seiten der Website sind urheberrechtlich gesch\u00fctzt &#8211; Copyright \u00a9 2021 architekturpsychologie.net. ALLE RECHTE VORBEHALTEN. Das Kopieren dieser Dateien und ihre evtl. Reproduktion sind nur f\u00fcr den nichtkommerziellen und nicht konkurrierenden Bereich gestattet, wenn ein Urheber-Link gesetzt wird, beziehungsweise die Daten-Quelle angegeben wird.<\/p>\n<p>\u00a0<\/p>\n<p>Haftungsausschluss:<\/p>\n<p>Die auf dieser Webseite genannten Seminarbezeichnungen, Produktbezeichnungen und Logos sind Eigentum der jeweiligen Rechteinhaber.<\/p>\n<p>Ich distanziere mich hiermit ausdr\u00fccklich von allen Inhalten aller gelinkten Seiten und mache mir diese nicht zu Eigen. Diese Erkl\u00e4rung gilt f\u00fcr alle Links von den Seiten, die von mir gepflegt werden, sowie f\u00fcr die Inhalte der Seiten zu denen diese Links f\u00fchren.<\/p>\n<p>\u00a0<\/p>\n<p>Besondere Hinweise:<\/p>\n<p>Sollte der Inhalt oder die Aufmachung dieser Seiten fremde Rechte Dritter oder gesetzliche Bestimmungen verletzen, so bitte ich um eine entsprechende Nachricht ohne Kostennote. Die Beseitigung einer m\u00f6glicherweise von diesen Seiten ausgehenden Schutzrecht-Verletzung durch Schutzrecht-Inhaber\/innen selbst darf nicht ohne meine Zustimmung stattfinden. Ich garantiere, dass die zu Recht beanstandeten Passagen unverz\u00fcglich entfernt werden, ohne dass von Ihrer Seite die Einschaltung eines Rechtsbeistandes erforderlich ist. Dennoch von Ihnen ohne vorherige Kontaktaufnahme ausgel\u00f6ste Kosten werde ich vollumf\u00e4nglich zur\u00fcckweisen und gegebenenfalls eine Gegenklage wegen Verletzung vorgenannter Bestimmungen einreichen. Vielen Dank.\u00a0<\/p>\n<p>\u00a0<\/p>\t\t\t\t\t\t<\/div>\n\t\t\t\t<\/div>\n\t\t\t\t<div class=\"elementor-element elementor-element-537b1988 elementor-widget elementor-widget-text-editor\" data-id=\"537b1988\" data-element_type=\"widget\" data-widget_type=\"text-editor.default\">\n\t\t\t\t<div class=\"elementor-widget-container\">\n\t\t\t\t\t\t\t<div><p><span style=\"font-size: 14pt;\">Keine Abmahnung ohne vorherigen Kontakt!<\/span><\/p><\/div><div>\u00a0<\/div>\t\t\t\t\t\t<\/div>\n\t\t\t\t<\/div>\n\t\t\t\t\t<\/div>\n\t\t<\/div>\n\t\t\t\t\t\t\t<\/div>\n\t\t<\/section>\n\t\t\t\t\t\t\t<\/div>\n\t\t","protected":false},"excerpt":{"rendered":"<p>Impressum Verantwortlich: Heidrun\u00a0ReuschSch\u00f6nbichlstr.\u00a04782211\u00a0Herrsching a. Ammersee Kontakt:Telefon:\u00a0\u00a0+49 171 757 65 63E-Mail:\u00a0info@architekturpsychologie.net Bankverbindung: Commerzbank M\u00fcnchen IBAN: DE74 7008 0000 0382 0178 00BIC: [&hellip;]<\/p>\n","protected":false},"author":1,"featured_media":0,"parent":4,"menu_order":4,"comment_status":"closed","ping_status":"closed","template":"","meta":{"kt_blocks_editor_width":"","spay_email":""},"aioseo_notices":[],"_links":{"self":[{"href":"https:\/\/architekturpsychologie.net\/index.php?rest_route=\/wp\/v2\/pages\/1017"}],"collection":[{"href":"https:\/\/architekturpsychologie.net\/index.php?rest_route=\/wp\/v2\/pages"}],"about":[{"href":"https:\/\/architekturpsychologie.net\/index.php?rest_route=\/wp\/v2\/types\/page"}],"author":[{"embeddable":true,"href":"https:\/\/architekturpsychologie.net\/index.php?rest_route=\/wp\/v2\/users\/1"}],"replies":[{"embeddable":true,"href":"https:\/\/architekturpsychologie.net\/index.php?rest_route=%2Fwp%2Fv2%2Fcomments&post=1017"}],"version-history":[{"count":106,"href":"https:\/\/architekturpsychologie.net\/index.php?rest_route=\/wp\/v2\/pages\/1017\/revisions"}],"predecessor-version":[{"id":5169,"href":"https:\/\/architekturpsychologie.net\/index.php?rest_route=\/wp\/v2\/pages\/1017\/revisions\/5169"}],"up":[{"embeddable":true,"href":"https:\/\/architekturpsychologie.net\/index.php?rest_route=\/wp\/v2\/pages\/4"}],"wp:attachment":[{"href":"https:\/\/architekturpsychologie.net\/index.php?rest_route=%2Fwp%2Fv2%2Fmedia&parent=1017"}],"curies":[{"name":"wp","href":"https:\/\/api.w.org\/{rel}","templated":true}]}}