{"id":1111,"date":"2021-04-26T08:19:16","date_gmt":"2021-04-26T08:19:16","guid":{"rendered":"https:\/\/architekturpsychologie.net\/?page_id=1111"},"modified":"2026-03-15T11:18:09","modified_gmt":"2026-03-15T09:18:09","slug":"analyse","status":"publish","type":"page","link":"https:\/\/architekturpsychologie.net\/?page_id=1111","title":{"rendered":"ANALYSE"},"content":{"rendered":"\t\t<div data-elementor-type=\"wp-page\" data-elementor-id=\"1111\" class=\"elementor elementor-1111\">\n\t\t\t\t\t\t\t\t\t<section class=\"elementor-section elementor-top-section elementor-element elementor-element-a3a60b0 elementor-section-boxed elementor-section-height-default elementor-section-height-default\" data-id=\"a3a60b0\" data-element_type=\"section\">\n\t\t\t\t\t\t<div class=\"elementor-container elementor-column-gap-default\">\n\t\t\t\t\t<div class=\"elementor-column elementor-col-100 elementor-top-column elementor-element elementor-element-7e913cb\" data-id=\"7e913cb\" data-element_type=\"column\">\n\t\t\t<div class=\"elementor-widget-wrap elementor-element-populated\">\n\t\t\t\t\t\t\t\t<div class=\"elementor-element elementor-element-4f3e8dd elementor-widget elementor-widget-image\" data-id=\"4f3e8dd\" data-element_type=\"widget\" data-widget_type=\"image.default\">\n\t\t\t\t<div class=\"elementor-widget-container\">\n\t\t\t\t\t\t\t\t\t\t\t\t\t\t\t<img width=\"1564\" height=\"1028\" src=\"https:\/\/architekturpsychologie.net\/wp-content\/uploads\/2021\/04\/Verwischtes-Buero.jpg\" class=\"attachment-2048x2048 size-2048x2048 wp-image-1234\" alt=\"\" loading=\"lazy\" srcset=\"https:\/\/architekturpsychologie.net\/wp-content\/uploads\/2021\/04\/Verwischtes-Buero.jpg 1564w, https:\/\/architekturpsychologie.net\/wp-content\/uploads\/2021\/04\/Verwischtes-Buero-300x197.jpg 300w, https:\/\/architekturpsychologie.net\/wp-content\/uploads\/2021\/04\/Verwischtes-Buero-1024x673.jpg 1024w, https:\/\/architekturpsychologie.net\/wp-content\/uploads\/2021\/04\/Verwischtes-Buero-768x505.jpg 768w, https:\/\/architekturpsychologie.net\/wp-content\/uploads\/2021\/04\/Verwischtes-Buero-1536x1010.jpg 1536w, https:\/\/architekturpsychologie.net\/wp-content\/uploads\/2021\/04\/Verwischtes-Buero-720x473.jpg 720w\" sizes=\"(max-width: 1564px) 100vw, 1564px\" \/>\t\t\t\t\t\t\t\t\t\t\t\t\t\t\t<\/div>\n\t\t\t\t<\/div>\n\t\t\t\t\t<\/div>\n\t\t<\/div>\n\t\t\t\t\t\t\t<\/div>\n\t\t<\/section>\n\t\t\t\t<section class=\"elementor-section elementor-top-section elementor-element elementor-element-388e5ae0 elementor-section-content-middle elementor-section-boxed elementor-section-height-default elementor-section-height-default\" data-id=\"388e5ae0\" data-element_type=\"section\">\n\t\t\t\t\t\t<div class=\"elementor-container elementor-column-gap-no\">\n\t\t\t\t\t<div class=\"elementor-column elementor-col-50 elementor-top-column elementor-element elementor-element-74f4b672\" data-id=\"74f4b672\" data-element_type=\"column\">\n\t\t\t<div class=\"elementor-widget-wrap elementor-element-populated\">\n\t\t\t\t\t\t\t\t<div class=\"elementor-element elementor-element-61ec3670 elementor-widget-divider--view-line elementor-widget elementor-widget-divider\" data-id=\"61ec3670\" data-element_type=\"widget\" data-widget_type=\"divider.default\">\n\t\t\t\t<div class=\"elementor-widget-container\">\n\t\t\t\t\t<div class=\"elementor-divider\">\n\t\t\t<span class=\"elementor-divider-separator\">\n\t\t\t\t\t\t<\/span>\n\t\t<\/div>\n\t\t\t\t<\/div>\n\t\t\t\t<\/div>\n\t\t\t\t<div class=\"elementor-element elementor-element-3410ce elementor-widget elementor-widget-heading\" data-id=\"3410ce\" data-element_type=\"widget\" data-widget_type=\"heading.default\">\n\t\t\t\t<div class=\"elementor-widget-container\">\n\t\t\t<h4 class=\"elementor-heading-title elementor-size-default\">Analyse<\/h4>\t\t<\/div>\n\t\t\t\t<\/div>\n\t\t\t\t\t<\/div>\n\t\t<\/div>\n\t\t\t\t<div class=\"elementor-column elementor-col-50 elementor-top-column elementor-element elementor-element-704f0345\" data-id=\"704f0345\" data-element_type=\"column\">\n\t\t\t<div class=\"elementor-widget-wrap elementor-element-populated\">\n\t\t\t\t\t\t\t\t<div class=\"elementor-element elementor-element-251e8590 elementor-widget elementor-widget-text-editor\" data-id=\"251e8590\" data-element_type=\"widget\" data-widget_type=\"text-editor.default\">\n\t\t\t\t<div class=\"elementor-widget-container\">\n\t\t\t\t\t\t\t<p>Durch den bewussten Einsatz meiner langj\u00e4hrig bestehenden Environment-Sensibilit\u00e4t bin ich dazu pr\u00e4destiniert, die Schwachstellen im Geb\u00e4ude oder in Raumgef\u00fcgen zu erkennen und zu analysieren.<\/p><p>Zuerst wird eine Vor-Ort-Begehung als\u00a0Bestandsaufnahme durchgef\u00fchrt.\u00a0Diese kann, je nach Auftrag, durch ein -von Ihnen erstelltes- Video ersetzt werden.<\/p><p>Die Situation unmittelbar am Ort ist essenziell, da nicht nur der Kontext, die Architektur und die R\u00e4ume bewusst erfahren, sondern gleichzeitig vorhandene, ganz individuelle Stimmungen\/Atmosph\u00e4ren erkannt und analysiert werden.\u00a0<\/p><p>Zum Teil geht eine, bereits von Ihnen erstelle Befragung bzw. Evaluation der NutzerInnen voraus. Anhand dieser wird eine optimale Analyse erstellt.\u00a0Sollten Sie noch keine Befragung durchgef\u00fchrt haben, kann diese f\u00fcr Sie erstellt werden.<\/p>\t\t\t\t\t\t<\/div>\n\t\t\t\t<\/div>\n\t\t\t\t<div class=\"elementor-element elementor-element-1a709ff8 elementor-widget elementor-widget-text-editor\" data-id=\"1a709ff8\" data-element_type=\"widget\" data-widget_type=\"text-editor.default\">\n\t\t\t\t<div class=\"elementor-widget-container\">\n\t\t\t\t\t\t\t<div>\n<p>Meine anschlie\u00dfend erstellte Dokumentation der durchgef\u00fchrten Analyse gibt Ihnen viele aufschlussreiche Erkenntnisse.<\/p>\n<p>Diese Analyse dient generell als Grundlage zur Beratung, wenn Sie dies anschlie\u00dfend w\u00fcnschen.<\/p>\n<\/div>\t\t\t\t\t\t<\/div>\n\t\t\t\t<\/div>\n\t\t\t\t\t<\/div>\n\t\t<\/div>\n\t\t\t\t\t\t\t<\/div>\n\t\t<\/section>\n\t\t\t\t<section class=\"elementor-section elementor-top-section elementor-element elementor-element-88912aa elementor-section-boxed elementor-section-height-default elementor-section-height-default\" data-id=\"88912aa\" data-element_type=\"section\">\n\t\t\t\t\t\t<div class=\"elementor-container elementor-column-gap-default\">\n\t\t\t\t\t<div class=\"elementor-column elementor-col-100 elementor-top-column elementor-element elementor-element-f44e1a5\" data-id=\"f44e1a5\" data-element_type=\"column\">\n\t\t\t<div class=\"elementor-widget-wrap elementor-element-populated\">\n\t\t\t\t\t\t\t\t<div class=\"elementor-element elementor-element-5dcb01d elementor-widget elementor-widget-image\" data-id=\"5dcb01d\" data-element_type=\"widget\" data-widget_type=\"image.default\">\n\t\t\t\t<div class=\"elementor-widget-container\">\n\t\t\t\t\t\t\t\t\t\t\t\t\t\t\t<img width=\"1024\" height=\"683\" src=\"https:\/\/architekturpsychologie.net\/wp-content\/uploads\/2021\/04\/home-office-599475_1920-1024x683.jpg\" class=\"attachment-large size-large wp-image-1214\" alt=\"\" loading=\"lazy\" srcset=\"https:\/\/architekturpsychologie.net\/wp-content\/uploads\/2021\/04\/home-office-599475_1920-1024x683.jpg 1024w, https:\/\/architekturpsychologie.net\/wp-content\/uploads\/2021\/04\/home-office-599475_1920-300x200.jpg 300w, https:\/\/architekturpsychologie.net\/wp-content\/uploads\/2021\/04\/home-office-599475_1920-768x512.jpg 768w, https:\/\/architekturpsychologie.net\/wp-content\/uploads\/2021\/04\/home-office-599475_1920-1536x1024.jpg 1536w, https:\/\/architekturpsychologie.net\/wp-content\/uploads\/2021\/04\/home-office-599475_1920-720x480.jpg 720w, https:\/\/architekturpsychologie.net\/wp-content\/uploads\/2021\/04\/home-office-599475_1920.jpg 1920w\" sizes=\"(max-width: 1024px) 100vw, 1024px\" \/>\t\t\t\t\t\t\t\t\t\t\t\t\t\t\t<\/div>\n\t\t\t\t<\/div>\n\t\t\t\t\t<\/div>\n\t\t<\/div>\n\t\t\t\t\t\t\t<\/div>\n\t\t<\/section>\n\t\t\t\t<section class=\"elementor-section elementor-top-section elementor-element elementor-element-bae581a elementor-section-boxed elementor-section-height-default elementor-section-height-default\" data-id=\"bae581a\" data-element_type=\"section\">\n\t\t\t\t\t\t<div class=\"elementor-container elementor-column-gap-default\">\n\t\t\t\t\t<div class=\"elementor-column elementor-col-100 elementor-top-column elementor-element elementor-element-743cc8a\" data-id=\"743cc8a\" data-element_type=\"column\">\n\t\t\t<div class=\"elementor-widget-wrap elementor-element-populated\">\n\t\t\t\t\t\t\t\t<div class=\"elementor-element elementor-element-e816ea5 elementor-widget elementor-widget-heading\" data-id=\"e816ea5\" data-element_type=\"widget\" data-widget_type=\"heading.default\">\n\t\t\t\t<div class=\"elementor-widget-container\">\n\t\t\t<h2 class=\"elementor-heading-title elementor-size-default\">Tel.: 0171 757 65 63    info@architekturpsychologie.net <\/h2>\t\t<\/div>\n\t\t\t\t<\/div>\n\t\t\t\t\t<\/div>\n\t\t<\/div>\n\t\t\t\t\t\t\t<\/div>\n\t\t<\/section>\n\t\t\t\t\t\t\t<\/div>\n\t\t","protected":false},"excerpt":{"rendered":"<p>Analyse Durch den bewussten Einsatz meiner langj\u00e4hrig bestehenden Environment-Sensibilit\u00e4t bin ich dazu pr\u00e4destiniert, die Schwachstellen im Geb\u00e4ude oder in Raumgef\u00fcgen [&hellip;]<\/p>\n","protected":false},"author":1,"featured_media":0,"parent":4,"menu_order":1,"comment_status":"closed","ping_status":"closed","template":"","meta":{"kt_blocks_editor_width":"","spay_email":""},"aioseo_notices":[],"_links":{"self":[{"href":"https:\/\/architekturpsychologie.net\/index.php?rest_route=\/wp\/v2\/pages\/1111"}],"collection":[{"href":"https:\/\/architekturpsychologie.net\/index.php?rest_route=\/wp\/v2\/pages"}],"about":[{"href":"https:\/\/architekturpsychologie.net\/index.php?rest_route=\/wp\/v2\/types\/page"}],"author":[{"embeddable":true,"href":"https:\/\/architekturpsychologie.net\/index.php?rest_route=\/wp\/v2\/users\/1"}],"replies":[{"embeddable":true,"href":"https:\/\/architekturpsychologie.net\/index.php?rest_route=%2Fwp%2Fv2%2Fcomments&post=1111"}],"version-history":[{"count":250,"href":"https:\/\/architekturpsychologie.net\/index.php?rest_route=\/wp\/v2\/pages\/1111\/revisions"}],"predecessor-version":[{"id":6213,"href":"https:\/\/architekturpsychologie.net\/index.php?rest_route=\/wp\/v2\/pages\/1111\/revisions\/6213"}],"up":[{"embeddable":true,"href":"https:\/\/architekturpsychologie.net\/index.php?rest_route=\/wp\/v2\/pages\/4"}],"wp:attachment":[{"href":"https:\/\/architekturpsychologie.net\/index.php?rest_route=%2Fwp%2Fv2%2Fmedia&parent=1111"}],"curies":[{"name":"wp","href":"https:\/\/api.w.org\/{rel}","templated":true}]}}