{"id":1122,"date":"2021-04-26T08:30:11","date_gmt":"2021-04-26T08:30:11","guid":{"rendered":"https:\/\/architekturpsychologie.net\/?page_id=1122"},"modified":"2026-03-15T10:08:04","modified_gmt":"2026-03-15T08:08:04","slug":"beratung","status":"publish","type":"page","link":"https:\/\/architekturpsychologie.net\/?page_id=1122","title":{"rendered":"BERATUNG"},"content":{"rendered":"\t\t<div data-elementor-type=\"wp-page\" data-elementor-id=\"1122\" class=\"elementor elementor-1122\">\n\t\t\t\t\t\t\t\t\t<section class=\"elementor-section elementor-top-section elementor-element elementor-element-3a186ac elementor-section-boxed elementor-section-height-default elementor-section-height-default\" data-id=\"3a186ac\" data-element_type=\"section\">\n\t\t\t\t\t\t<div class=\"elementor-container elementor-column-gap-default\">\n\t\t\t\t\t<div class=\"elementor-column elementor-col-100 elementor-top-column elementor-element elementor-element-2bd27fb\" data-id=\"2bd27fb\" data-element_type=\"column\">\n\t\t\t<div class=\"elementor-widget-wrap elementor-element-populated\">\n\t\t\t\t\t\t\t\t<div class=\"elementor-element elementor-element-64160a0 elementor-widget elementor-widget-image\" data-id=\"64160a0\" data-element_type=\"widget\" data-widget_type=\"image.default\">\n\t\t\t\t<div class=\"elementor-widget-container\">\n\t\t\t\t\t\t\t\t\t\t\t\t\t\t\t<img src=\"https:\/\/architekturpsychologie.net\/wp-content\/uploads\/2021\/04\/consulting-3031678_1920-2.jpg\" title=\"\" alt=\"\" loading=\"lazy\" \/>\t\t\t\t\t\t\t\t\t\t\t\t\t\t\t<\/div>\n\t\t\t\t<\/div>\n\t\t\t\t\t<\/div>\n\t\t<\/div>\n\t\t\t\t\t\t\t<\/div>\n\t\t<\/section>\n\t\t\t\t<section class=\"elementor-section elementor-top-section elementor-element elementor-element-1ef6cf4 elementor-section-boxed elementor-section-height-default elementor-section-height-default\" data-id=\"1ef6cf4\" data-element_type=\"section\">\n\t\t\t\t\t\t<div class=\"elementor-container elementor-column-gap-default\">\n\t\t\t\t\t<div class=\"elementor-column elementor-col-100 elementor-top-column elementor-element elementor-element-8b5965e\" data-id=\"8b5965e\" data-element_type=\"column\">\n\t\t\t<div class=\"elementor-widget-wrap elementor-element-populated\">\n\t\t\t\t\t\t\t\t<div class=\"elementor-element elementor-element-8fa30c7 elementor-widget elementor-widget-image\" data-id=\"8fa30c7\" data-element_type=\"widget\" data-widget_type=\"image.default\">\n\t\t\t\t<div class=\"elementor-widget-container\">\n\t\t\t\t\t\t\t\t\t\t\t\t\t\t\t<img width=\"969\" height=\"485\" src=\"https:\/\/architekturpsychologie.net\/wp-content\/uploads\/2021\/04\/Verwischtes-Bild-969x485.jpg\" class=\"attachment-airi-969-485 size-airi-969-485 wp-image-1233\" alt=\"\" loading=\"lazy\" \/>\t\t\t\t\t\t\t\t\t\t\t\t\t\t\t<\/div>\n\t\t\t\t<\/div>\n\t\t\t\t\t<\/div>\n\t\t<\/div>\n\t\t\t\t\t\t\t<\/div>\n\t\t<\/section>\n\t\t\t\t<section class=\"elementor-section elementor-top-section elementor-element elementor-element-59add064 elementor-section-content-middle elementor-section-boxed elementor-section-height-default elementor-section-height-default\" data-id=\"59add064\" data-element_type=\"section\">\n\t\t\t\t\t\t<div class=\"elementor-container elementor-column-gap-no\">\n\t\t\t\t\t<div class=\"elementor-column elementor-col-50 elementor-top-column elementor-element elementor-element-1bce9de1\" data-id=\"1bce9de1\" data-element_type=\"column\">\n\t\t\t<div class=\"elementor-widget-wrap elementor-element-populated\">\n\t\t\t\t\t\t\t\t<div class=\"elementor-element elementor-element-1ed06729 elementor-widget-divider--view-line elementor-widget elementor-widget-divider\" data-id=\"1ed06729\" data-element_type=\"widget\" data-widget_type=\"divider.default\">\n\t\t\t\t<div class=\"elementor-widget-container\">\n\t\t\t\t\t<div class=\"elementor-divider\">\n\t\t\t<span class=\"elementor-divider-separator\">\n\t\t\t\t\t\t<\/span>\n\t\t<\/div>\n\t\t\t\t<\/div>\n\t\t\t\t<\/div>\n\t\t\t\t<div class=\"elementor-element elementor-element-231c66c3 elementor-widget elementor-widget-heading\" data-id=\"231c66c3\" data-element_type=\"widget\" data-widget_type=\"heading.default\">\n\t\t\t\t<div class=\"elementor-widget-container\">\n\t\t\t<h4 class=\"elementor-heading-title elementor-size-default\">BERATUNG<\/h4>\t\t<\/div>\n\t\t\t\t<\/div>\n\t\t\t\t\t<\/div>\n\t\t<\/div>\n\t\t\t\t<div class=\"elementor-column elementor-col-50 elementor-top-column elementor-element elementor-element-65f6035f\" data-id=\"65f6035f\" data-element_type=\"column\">\n\t\t\t<div class=\"elementor-widget-wrap elementor-element-populated\">\n\t\t\t\t\t\t\t\t<div class=\"elementor-element elementor-element-6820f648 elementor-widget elementor-widget-text-editor\" data-id=\"6820f648\" data-element_type=\"widget\" data-widget_type=\"text-editor.default\">\n\t\t\t\t<div class=\"elementor-widget-container\">\n\t\t\t\t\t\t\t<div class=\"elementor-element elementor-element-251e8590 elementor-widget elementor-widget-text-editor\" data-id=\"251e8590\" data-element_type=\"widget\" data-widget_type=\"text-editor.default\"><div class=\"elementor-widget-container\">Nach erfolgter Analyse (und NutzerInnenbefragung) werden die bestehenden Parameter wie:<\/div><\/div><ul><li>die folgende Nutzung<\/li><li>die Statik<\/li><li>die geografische Lage und klimatischen Verh\u00e4ltnisse<\/li><li>die Geb\u00e4udeorientierung (Himmelsrichtung) und<\/li><li>die \u00f6rtlichen Gesetze grundlegend ber\u00fccksichtigt.<\/li><\/ul><p>Es wird zwischen funktionaler, personeller und emotionaler Nutzung unterschieden.<\/p><p>Anschlie\u00dfend geht es in die spannendste und sch\u00f6nste Phase:<\/p><p>Das Finden der passenden Analogie und zeitgleich das Aufstellen spannender Visionen, die idealerweise in die Realit\u00e4t umgesetzt werden.<\/p><p>Diesen, ausschlie\u00dflich textlichen, digitalen L\u00f6sungsvorschl\u00e4gen folgt die sinnvolle Raumaufteilung, die M\u00f6blierung, Lichtplanung, Farbgebung und die Festlegung der unterst\u00fctzenden Materialauswahl.<\/p>\t\t\t\t\t\t<\/div>\n\t\t\t\t<\/div>\n\t\t\t\t<div class=\"elementor-element elementor-element-2a2c69fe elementor-widget elementor-widget-text-editor\" data-id=\"2a2c69fe\" data-element_type=\"widget\" data-widget_type=\"text-editor.default\">\n\t\t\t\t<div class=\"elementor-widget-container\">\n\t\t\t\t\t\t\t<div><p>Um zu erkennen, dass diese Verbesserungen attraktiv und erfolgreich auf die Nutzerinnen und Nutzer wirken, kann eine Evaluation und Schluss-Befragung auf Ihren Wunsch durchgef\u00fchrt werden.<\/p><\/div><div>\u00a0<\/div>\t\t\t\t\t\t<\/div>\n\t\t\t\t<\/div>\n\t\t\t\t\t<\/div>\n\t\t<\/div>\n\t\t\t\t\t\t\t<\/div>\n\t\t<\/section>\n\t\t\t\t<section class=\"elementor-section elementor-top-section elementor-element elementor-element-39c678d elementor-section-boxed elementor-section-height-default elementor-section-height-default\" data-id=\"39c678d\" data-element_type=\"section\">\n\t\t\t\t\t\t<div class=\"elementor-container elementor-column-gap-default\">\n\t\t\t\t\t<div class=\"elementor-column elementor-col-100 elementor-top-column elementor-element elementor-element-087e22e\" data-id=\"087e22e\" data-element_type=\"column\">\n\t\t\t<div class=\"elementor-widget-wrap elementor-element-populated\">\n\t\t\t\t\t\t\t\t<div class=\"elementor-element elementor-element-5fb547e elementor-widget elementor-widget-image\" data-id=\"5fb547e\" data-element_type=\"widget\" data-widget_type=\"image.default\">\n\t\t\t\t<div class=\"elementor-widget-container\">\n\t\t\t\t\t\t\t\t\t\t\t\t\t\t\t<img width=\"1024\" height=\"1002\" src=\"https:\/\/architekturpsychologie.net\/wp-content\/uploads\/2021\/06\/Wozi1-1024x1002.png\" class=\"attachment-large size-large wp-image-3484\" alt=\"\" loading=\"lazy\" srcset=\"https:\/\/architekturpsychologie.net\/wp-content\/uploads\/2021\/06\/Wozi1-1024x1002.png 1024w, https:\/\/architekturpsychologie.net\/wp-content\/uploads\/2021\/06\/Wozi1-300x293.png 300w, https:\/\/architekturpsychologie.net\/wp-content\/uploads\/2021\/06\/Wozi1-768x751.png 768w, https:\/\/architekturpsychologie.net\/wp-content\/uploads\/2021\/06\/Wozi1-720x704.png 720w, https:\/\/architekturpsychologie.net\/wp-content\/uploads\/2021\/06\/Wozi1.png 1242w\" sizes=\"(max-width: 1024px) 100vw, 1024px\" \/>\t\t\t\t\t\t\t\t\t\t\t\t\t\t\t<\/div>\n\t\t\t\t<\/div>\n\t\t\t\t\t<\/div>\n\t\t<\/div>\n\t\t\t\t\t\t\t<\/div>\n\t\t<\/section>\n\t\t\t\t<section class=\"elementor-section elementor-top-section elementor-element elementor-element-f6dece2 elementor-section-boxed elementor-section-height-default elementor-section-height-default\" data-id=\"f6dece2\" data-element_type=\"section\">\n\t\t\t\t\t\t<div class=\"elementor-container elementor-column-gap-default\">\n\t\t\t\t\t<div class=\"elementor-column elementor-col-100 elementor-top-column elementor-element elementor-element-525e8cd\" data-id=\"525e8cd\" data-element_type=\"column\">\n\t\t\t<div class=\"elementor-widget-wrap elementor-element-populated\">\n\t\t\t\t\t\t\t\t<div class=\"elementor-element elementor-element-6598f45 elementor-widget elementor-widget-heading\" data-id=\"6598f45\" data-element_type=\"widget\" data-widget_type=\"heading.default\">\n\t\t\t\t<div class=\"elementor-widget-container\">\n\t\t\t<h2 class=\"elementor-heading-title elementor-size-default\">Tel.: 0171 757 65 63    info@architekturpsychologie.net <\/h2>\t\t<\/div>\n\t\t\t\t<\/div>\n\t\t\t\t\t<\/div>\n\t\t<\/div>\n\t\t\t\t\t\t\t<\/div>\n\t\t<\/section>\n\t\t\t\t\t\t\t<\/div>\n\t\t","protected":false},"excerpt":{"rendered":"<p>BERATUNG Nach erfolgter Analyse (und NutzerInnenbefragung) werden die bestehenden Parameter wie: die folgende Nutzung die Statik die geografische Lage und [&hellip;]<\/p>\n","protected":false},"author":1,"featured_media":0,"parent":4,"menu_order":2,"comment_status":"closed","ping_status":"closed","template":"","meta":{"kt_blocks_editor_width":"","spay_email":""},"aioseo_notices":[],"_links":{"self":[{"href":"https:\/\/architekturpsychologie.net\/index.php?rest_route=\/wp\/v2\/pages\/1122"}],"collection":[{"href":"https:\/\/architekturpsychologie.net\/index.php?rest_route=\/wp\/v2\/pages"}],"about":[{"href":"https:\/\/architekturpsychologie.net\/index.php?rest_route=\/wp\/v2\/types\/page"}],"author":[{"embeddable":true,"href":"https:\/\/architekturpsychologie.net\/index.php?rest_route=\/wp\/v2\/users\/1"}],"replies":[{"embeddable":true,"href":"https:\/\/architekturpsychologie.net\/index.php?rest_route=%2Fwp%2Fv2%2Fcomments&post=1122"}],"version-history":[{"count":288,"href":"https:\/\/architekturpsychologie.net\/index.php?rest_route=\/wp\/v2\/pages\/1122\/revisions"}],"predecessor-version":[{"id":6209,"href":"https:\/\/architekturpsychologie.net\/index.php?rest_route=\/wp\/v2\/pages\/1122\/revisions\/6209"}],"up":[{"embeddable":true,"href":"https:\/\/architekturpsychologie.net\/index.php?rest_route=\/wp\/v2\/pages\/4"}],"wp:attachment":[{"href":"https:\/\/architekturpsychologie.net\/index.php?rest_route=%2Fwp%2Fv2%2Fmedia&parent=1122"}],"curies":[{"name":"wp","href":"https:\/\/api.w.org\/{rel}","templated":true}]}}