{"id":1146,"date":"2021-04-26T08:44:43","date_gmt":"2021-04-26T08:44:43","guid":{"rendered":"https:\/\/architekturpsychologie.net\/?page_id=1146"},"modified":"2026-03-15T14:47:49","modified_gmt":"2026-03-15T12:47:49","slug":"seminare","status":"publish","type":"page","link":"https:\/\/architekturpsychologie.net\/?page_id=1146","title":{"rendered":"SEMINARE"},"content":{"rendered":"\t\t<div data-elementor-type=\"wp-page\" data-elementor-id=\"1146\" class=\"elementor elementor-1146\">\n\t\t\t\t\t\t\t\t\t<section class=\"elementor-section elementor-top-section elementor-element elementor-element-3b47c48 elementor-section-boxed elementor-section-height-default elementor-section-height-default\" data-id=\"3b47c48\" data-element_type=\"section\">\n\t\t\t\t\t\t<div class=\"elementor-container elementor-column-gap-default\">\n\t\t\t\t\t<div class=\"elementor-column elementor-col-100 elementor-top-column elementor-element elementor-element-133ab5d\" data-id=\"133ab5d\" data-element_type=\"column\">\n\t\t\t<div class=\"elementor-widget-wrap elementor-element-populated\">\n\t\t\t\t\t\t\t\t<div class=\"elementor-element elementor-element-c90a49b elementor-widget elementor-widget-image\" data-id=\"c90a49b\" data-element_type=\"widget\" data-widget_type=\"image.default\">\n\t\t\t\t<div class=\"elementor-widget-container\">\n\t\t\t\t\t\t\t\t\t\t\t\t\t\t\t\t<a href=\"https:\/\/architekturpsychologie.net\/?page_id=144\">\n\t\t\t\t\t\t\t<img width=\"1024\" height=\"680\" src=\"https:\/\/architekturpsychologie.net\/wp-content\/uploads\/2021\/04\/the-interior-of-the-1508273_1920-1024x680.jpg\" class=\"attachment-large size-large wp-image-1231\" alt=\"\" loading=\"lazy\" srcset=\"https:\/\/architekturpsychologie.net\/wp-content\/uploads\/2021\/04\/the-interior-of-the-1508273_1920-1024x680.jpg 1024w, https:\/\/architekturpsychologie.net\/wp-content\/uploads\/2021\/04\/the-interior-of-the-1508273_1920-300x199.jpg 300w, https:\/\/architekturpsychologie.net\/wp-content\/uploads\/2021\/04\/the-interior-of-the-1508273_1920-768x510.jpg 768w, https:\/\/architekturpsychologie.net\/wp-content\/uploads\/2021\/04\/the-interior-of-the-1508273_1920-1536x1020.jpg 1536w, https:\/\/architekturpsychologie.net\/wp-content\/uploads\/2021\/04\/the-interior-of-the-1508273_1920-720x478.jpg 720w, https:\/\/architekturpsychologie.net\/wp-content\/uploads\/2021\/04\/the-interior-of-the-1508273_1920.jpg 1920w\" sizes=\"(max-width: 1024px) 100vw, 1024px\" \/>\t\t\t\t\t\t\t\t<\/a>\n\t\t\t\t\t\t\t\t\t\t\t\t\t\t\t<\/div>\n\t\t\t\t<\/div>\n\t\t\t\t<div class=\"elementor-element elementor-element-166bcfa elementor-widget elementor-widget-spacer\" data-id=\"166bcfa\" data-element_type=\"widget\" data-widget_type=\"spacer.default\">\n\t\t\t\t<div class=\"elementor-widget-container\">\n\t\t\t\t\t<div class=\"elementor-spacer\">\n\t\t\t<div class=\"elementor-spacer-inner\"><\/div>\n\t\t<\/div>\n\t\t\t\t<\/div>\n\t\t\t\t<\/div>\n\t\t\t\t\t<\/div>\n\t\t<\/div>\n\t\t\t\t\t\t\t<\/div>\n\t\t<\/section>\n\t\t\t\t<section class=\"elementor-section elementor-top-section elementor-element elementor-element-79552fae elementor-section-content-middle elementor-section-boxed elementor-section-height-default elementor-section-height-default\" data-id=\"79552fae\" data-element_type=\"section\">\n\t\t\t\t\t\t<div class=\"elementor-container elementor-column-gap-no\">\n\t\t\t\t\t<div class=\"elementor-column elementor-col-50 elementor-top-column elementor-element elementor-element-70fcfac3\" data-id=\"70fcfac3\" data-element_type=\"column\">\n\t\t\t<div class=\"elementor-widget-wrap elementor-element-populated\">\n\t\t\t\t\t\t\t\t<div class=\"elementor-element elementor-element-3555e4d0 elementor-widget-divider--view-line elementor-widget elementor-widget-divider\" data-id=\"3555e4d0\" data-element_type=\"widget\" data-widget_type=\"divider.default\">\n\t\t\t\t<div class=\"elementor-widget-container\">\n\t\t\t\t\t<div class=\"elementor-divider\">\n\t\t\t<span class=\"elementor-divider-separator\">\n\t\t\t\t\t\t<\/span>\n\t\t<\/div>\n\t\t\t\t<\/div>\n\t\t\t\t<\/div>\n\t\t\t\t<div class=\"elementor-element elementor-element-5fc56cd9 elementor-widget elementor-widget-heading\" data-id=\"5fc56cd9\" data-element_type=\"widget\" data-widget_type=\"heading.default\">\n\t\t\t\t<div class=\"elementor-widget-container\">\n\t\t\t<h4 class=\"elementor-heading-title elementor-size-default\"><a href=\"https:\/\/architekturpsychologie.net\/?page_id=144\">seminar\ndetails<\/a><\/h4>\t\t<\/div>\n\t\t\t\t<\/div>\n\t\t\t\t\t<\/div>\n\t\t<\/div>\n\t\t\t\t<div class=\"elementor-column elementor-col-50 elementor-top-column elementor-element elementor-element-1cc99761\" data-id=\"1cc99761\" data-element_type=\"column\">\n\t\t\t<div class=\"elementor-widget-wrap elementor-element-populated\">\n\t\t\t\t\t\t\t\t<div class=\"elementor-element elementor-element-4c6e1eb6 elementor-widget elementor-widget-text-editor\" data-id=\"4c6e1eb6\" data-element_type=\"widget\" data-widget_type=\"text-editor.default\">\n\t\t\t\t<div class=\"elementor-widget-container\">\n\t\t\t\t\t\t\t<p>Es erwarten Sie exklusive Seminare zur\u00a0Weiterbildung\/Qualit\u00e4tssicherung\u00a0mit interessanten Menschen in attraktiven Locations, Live online oder Hybrid.<\/p>\n<p>Die Seminare sind f\u00fcr \u00a0Beginner und Fortgeschrittene ausgerichtet.<\/p>\n<div>Sie sind in leitender Position einer \u00f6ffentlichen Institution, eines Krankenhauses Sie sind zust\u00e4ndig f\u00fcr das Fl\u00e4chenplanungsmanagement eines Konzerns oder BauherrIn, Bautr\u00e4gerIn eines hochwertigen Bauvorhabens und wollen durch fundiertes Grundlagenwissen \u00fcber Architektur und Architekturpsychologie Ihre Geb\u00e4ude optimal planen, Erfolg-versprechender pr\u00e4sentieren und hervorragend vermarkten.<\/div>\n<div>\u00a0<\/div>\n<div>Sie wollen Ihre betriebliche <span style=\"font-size: 14pt;\"><strong>Qualit\u00e4tssicherung ISO 9001<\/strong><\/span> sicherstellen.<\/div>\n<div>Entweder am relaxten, wundersch\u00f6nen Ammersee oder in den Alpen.<\/div>\n<p>Idealerweise w\u00fcrden Sie sich gern individuell,\u00a0pers\u00f6nlich\u00a0und\u00a0auf hohem Niveau von professionellen\u00a0Experten\u00a0inspirieren lassen und suchen den unmittelbaren, konstruktiven\u00a0Austausch \u00fcber Ihre interessanten Ideen.<\/p>\n<p>Anschlie\u00dfend m\u00f6chten Sie attraktive, aussagekr\u00e4ftige und professionelle Moodboards\u00a0oder Design-Entw\u00fcrfe zum Thema Architekturpsychologie ab jetzt\u00a0selbst erstellten.<\/p>\n<p>Sie erwarten eine akademisch ausgebildete Diplomingenieurin im Fachbereich Architektur mit \u00fcber zwanzigj\u00e4hriger Lehrt\u00e4tigkeits-Erfahrung in der freien Wirtschaft und an der University of Applied Science Fachbereich Architektur, M\u00fcnchen.<\/p>\n<p>Dann sind Sie hier richtig!<\/p>\n<p><span style=\"color: #cbc160;\">Gehen Sie in Ihr NEXT LEVEL!<\/span><\/p>\n<h6><span style=\"color: #999999;\">Folgende Themen werden bis zu vier Tagen anhand von Pr\u00e4sentationen, Gruppenarbeiten und Moodboards gemeinsam erarbeitet.\u00a0<\/span><\/h6>\n<h6><span style=\"color: #999999;\">Die Reihenfolge wird individuell angepasst.<\/span><\/h6>\n<h6><span style=\"color: #999999;\"><span style=\"text-indent: -99px;\">\u00a0<\/span><\/span><\/h6>\n<h6><span style=\"color: #999999;\"><span style=\"text-indent: -99px;\">Planen f\u00fcr die Psyche<br><\/span><span style=\"text-indent: -99.2px;\">Begehung verschiedener R\u00e4ume<br><\/span>Architektur Psychologie<\/span><br><span style=\"color: #999999;\">Fraunhofer Paper<\/span><br><span style=\"color: #999999;\">Orientierung \/ Beschilderung<\/span><br><span style=\"color: #999999;\">Raumerfahrung<\/span><br><span style=\"color: #999999;\"><span style=\"text-indent: -99px;\">Grundrissanalyse<br><\/span><span style=\"text-indent: -99px;\">Materialien<\/span><\/span><\/h6>\n<h6><span style=\"color: #999999;\"><span style=\"text-indent: -99px;\"><br><\/span><span style=\"text-indent: -99px;\">Materialwahl<br><\/span>R\u00e4ume Machthaber Form\/ Farbe\/ Material<\/span><br><span style=\"color: #999999;\">Harmonische Ergebnisse<\/span><br><span style=\"color: #999999;\">Beispiele Analogie<\/span><br><span style=\"color: #999999;\">Kunde mit Wohnungsgrundriss\u00a0<\/span><br><span style=\"text-indent: -106px; color: #999999;\">Moodboard<\/span><\/h6>\n<div style=\"text-indent: -106px;\">\u00a0<\/div>\n<h6><span style=\"color: #999999;\"><span style=\"text-indent: -99px;\">Raumerfahrung<br><\/span><span style=\"text-indent: -99.2px;\">Architektur-Psychologie am Arbeitsplatz<br><\/span>B\u00fcro Arbeitsplatz Homeoffice<\/span><br><span style=\"color: #999999;\"><span style=\"text-indent: -113px;\">Eigener Arbeitsplatz<br><\/span><span style=\"text-indent: -113px;\">Moodboard<\/span><\/span><\/h6>\n<h6><span style=\"color: #999999;\"><span style=\"text-indent: -113px;\"><br><\/span><span style=\"text-indent: -99px;\">Wohnmerkmale beim Kunden<br><\/span><span style=\"text-indent: -99.2px;\">Bekannte<\/span><b style=\"text-indent: -99.2px;\">\u00a0<\/b><span style=\"text-indent: -99.2px;\">Person darstellen, Empathie einsetzen<br><\/span><span style=\"text-indent: -113px;\">Pr\u00e4sentation<br><\/span><span style=\"text-indent: -113px;\">Bearbeitungsunterlagen f\u00fcr Kundengespr\u00e4ch<br><\/span><span style=\"text-indent: -113px;\">Moodboard<\/span><\/span><\/h6>\n<h6><span style=\"color: #999999;\"><span style=\"text-indent: -113px;\">\u00a0<\/span><\/span><\/h6>\n<div style=\"caret-color: #000000; color: #000000; font-family: Arial; font-size: 12px; margin: 0px 0px 0px 99.2px; text-indent: -99.2px; font-stretch: normal; line-height: normal;\">\n<div style=\"margin: 0px; font-stretch: normal; line-height: normal;\">\n<div style=\"margin: 0px; font-stretch: normal; line-height: normal;\">\n<div style=\"margin: 0px; font-stretch: normal; line-height: normal;\">\n<div style=\"margin: 0px; font-stretch: normal; line-height: normal;\"><span style=\"text-indent: -113px;\">\u00a0<\/span><\/div>\n<\/div>\n<\/div>\n<\/div>\n<\/div>\n<p>Es werden verschiedene Alternativen angeboten:<\/p>\n<p><span style=\"font-size: 14pt;\"><b>Kurz-Seminar Architekturpsychologie <br><\/b><\/span>14. 11. 26 \u00a010:00 \u2013 12:00 Uhr<\/p>\n<p><span style=\"font-size: 14pt;\"><b>1 Tages Seminar Architekturpsychologie<br><\/b><\/span>14. 11. 26 \u00a010:00 \u2013 16:00 Uhr<\/p>\n<p><span style=\"font-size: 14pt;\"><b>2 Tages Seminar Architekturpsychologie<br><\/b><\/span>14.\/15. 11. 26 \u00a010:00 \u2013 16:00 Uhr<\/p>\n<p><span style=\"font-size: 14pt;\"><b>4 Tages Seminar Architekturpsychologie<br><\/b><\/span>14.\/15. 11. 26 und 28.\/29. 11. 26 \u00a010:00 \u2013 16:00 Uhr<\/p>\t\t\t\t\t\t<\/div>\n\t\t\t\t<\/div>\n\t\t\t\t<div class=\"elementor-element elementor-element-e6b996e elementor-widget elementor-widget-text-editor\" data-id=\"e6b996e\" data-element_type=\"widget\" data-widget_type=\"text-editor.default\">\n\t\t\t\t<div class=\"elementor-widget-container\">\n\t\t\t\t\t\t\t<div><p>Die M\u00f6glichkeit zur Befragung bisheriger TeilnehmerInnen ist gegeben.\u00a0<\/p><\/div>\t\t\t\t\t\t<\/div>\n\t\t\t\t<\/div>\n\t\t\t\t\t<\/div>\n\t\t<\/div>\n\t\t\t\t\t\t\t<\/div>\n\t\t<\/section>\n\t\t\t\t<section class=\"elementor-section elementor-top-section elementor-element elementor-element-c873080 elementor-section-boxed elementor-section-height-default elementor-section-height-default\" data-id=\"c873080\" data-element_type=\"section\">\n\t\t\t\t\t\t<div class=\"elementor-container elementor-column-gap-default\">\n\t\t\t\t\t<div class=\"elementor-column elementor-col-100 elementor-top-column elementor-element elementor-element-e8b5dcd\" data-id=\"e8b5dcd\" data-element_type=\"column\">\n\t\t\t<div class=\"elementor-widget-wrap elementor-element-populated\">\n\t\t\t\t\t\t\t\t<div class=\"elementor-element elementor-element-ddca45e elementor-align-center elementor-widget elementor-widget-button\" data-id=\"ddca45e\" data-element_type=\"widget\" data-widget_type=\"button.default\">\n\t\t\t\t<div class=\"elementor-widget-container\">\n\t\t\t\t\t<div class=\"elementor-button-wrapper\">\n\t\t\t<a href=\"https:\/\/architekturpsychologie.net\/?page_id=144\" class=\"elementor-button-link elementor-button elementor-size-lg\" role=\"button\">\n\t\t\t\t\t\t<span class=\"elementor-button-content-wrapper\">\n\t\t\t\t\t\t<span class=\"elementor-button-text\">KONTAKT \/ PREISE \/ ANMELDUNG<\/span>\n\t\t<\/span>\n\t\t\t\t\t<\/a>\n\t\t<\/div>\n\t\t\t\t<\/div>\n\t\t\t\t<\/div>\n\t\t\t\t\t<\/div>\n\t\t<\/div>\n\t\t\t\t\t\t\t<\/div>\n\t\t<\/section>\n\t\t\t\t<section class=\"elementor-section elementor-top-section elementor-element elementor-element-3dfe776 elementor-section-boxed elementor-section-height-default elementor-section-height-default\" data-id=\"3dfe776\" data-element_type=\"section\">\n\t\t\t\t\t\t<div class=\"elementor-container elementor-column-gap-default\">\n\t\t\t\t\t<div class=\"elementor-column elementor-col-100 elementor-top-column elementor-element elementor-element-1ee0e11\" data-id=\"1ee0e11\" data-element_type=\"column\">\n\t\t\t<div class=\"elementor-widget-wrap elementor-element-populated\">\n\t\t\t\t\t\t\t\t<div class=\"elementor-element elementor-element-41b4775 elementor-widget elementor-widget-heading\" data-id=\"41b4775\" data-element_type=\"widget\" data-widget_type=\"heading.default\">\n\t\t\t\t<div class=\"elementor-widget-container\">\n\t\t\t<h2 class=\"elementor-heading-title elementor-size-default\">Tel.: 0171 757 65 63    info@architekturpsychologie.net <\/h2>\t\t<\/div>\n\t\t\t\t<\/div>\n\t\t\t\t\t<\/div>\n\t\t<\/div>\n\t\t\t\t\t\t\t<\/div>\n\t\t<\/section>\n\t\t\t\t<section class=\"elementor-section elementor-top-section elementor-element elementor-element-bf31a7e elementor-section-boxed elementor-section-height-default elementor-section-height-default\" data-id=\"bf31a7e\" data-element_type=\"section\">\n\t\t\t\t\t\t<div class=\"elementor-container elementor-column-gap-default\">\n\t\t\t\t\t<div class=\"elementor-column elementor-col-100 elementor-top-column elementor-element elementor-element-72980af\" data-id=\"72980af\" data-element_type=\"column\">\n\t\t\t<div class=\"elementor-widget-wrap elementor-element-populated\">\n\t\t\t\t\t\t\t\t<div class=\"elementor-element elementor-element-0fb6fb9 elementor-widget elementor-widget-spacer\" data-id=\"0fb6fb9\" data-element_type=\"widget\" data-widget_type=\"spacer.default\">\n\t\t\t\t<div class=\"elementor-widget-container\">\n\t\t\t\t\t<div class=\"elementor-spacer\">\n\t\t\t<div class=\"elementor-spacer-inner\"><\/div>\n\t\t<\/div>\n\t\t\t\t<\/div>\n\t\t\t\t<\/div>\n\t\t\t\t\t<\/div>\n\t\t<\/div>\n\t\t\t\t\t\t\t<\/div>\n\t\t<\/section>\n\t\t\t\t<section class=\"elementor-section elementor-top-section elementor-element elementor-element-eeb7b97 elementor-section-boxed elementor-section-height-default elementor-section-height-default\" data-id=\"eeb7b97\" data-element_type=\"section\">\n\t\t\t\t\t\t<div class=\"elementor-container elementor-column-gap-default\">\n\t\t\t\t\t<div class=\"elementor-column elementor-col-100 elementor-top-column elementor-element elementor-element-d9bb152\" data-id=\"d9bb152\" data-element_type=\"column\">\n\t\t\t<div class=\"elementor-widget-wrap elementor-element-populated\">\n\t\t\t\t\t\t\t\t<div class=\"elementor-element elementor-element-2e17d4e elementor-widget elementor-widget-text-editor\" data-id=\"2e17d4e\" data-element_type=\"widget\" data-widget_type=\"text-editor.default\">\n\t\t\t\t<div class=\"elementor-widget-container\">\n\t\t\t\t\t\t\t<p><span style=\"font-size: 18pt;\">weitere, interessante Bildungs-Angebote\u2026\u2026..<\/span><\/p>\t\t\t\t\t\t<\/div>\n\t\t\t\t<\/div>\n\t\t\t\t\t<\/div>\n\t\t<\/div>\n\t\t\t\t\t\t\t<\/div>\n\t\t<\/section>\n\t\t\t\t<section class=\"elementor-section elementor-top-section elementor-element elementor-element-e8aea54 elementor-section-full_width elementor-section-content-middle elementor-section-height-default elementor-section-height-default\" data-id=\"e8aea54\" data-element_type=\"section\">\n\t\t\t\t\t\t<div class=\"elementor-container elementor-column-gap-no\">\n\t\t\t\t\t<div class=\"elementor-column elementor-col-50 elementor-top-column elementor-element elementor-element-15bf1402\" data-id=\"15bf1402\" data-element_type=\"column\" data-settings=\"{&quot;background_background&quot;:&quot;classic&quot;}\">\n\t\t\t<div class=\"elementor-widget-wrap elementor-element-populated\">\n\t\t\t\t\t<div class=\"elementor-background-overlay\"><\/div>\n\t\t\t\t\t\t\t\t<div class=\"elementor-element elementor-element-1886bc99 elementor-widget elementor-widget-heading\" data-id=\"1886bc99\" data-element_type=\"widget\" data-widget_type=\"heading.default\">\n\t\t\t\t<div class=\"elementor-widget-container\">\n\t\t\t<h4 class=\"elementor-heading-title elementor-size-small\"><a href=\"https:\/\/www.heidrunreusch.com\">HEIDRUN REUSCH Design Akademie<\/a><\/h4>\t\t<\/div>\n\t\t\t\t<\/div>\n\t\t\t\t\t<\/div>\n\t\t<\/div>\n\t\t\t\t<div class=\"elementor-column elementor-col-50 elementor-top-column elementor-element elementor-element-358ddcac\" data-id=\"358ddcac\" data-element_type=\"column\">\n\t\t\t<div class=\"elementor-widget-wrap elementor-element-populated\">\n\t\t\t\t\t\t\t\t<div class=\"elementor-element elementor-element-10d62ebd elementor-widget elementor-widget-text-editor\" data-id=\"10d62ebd\" data-element_type=\"widget\" data-widget_type=\"text-editor.default\">\n\t\t\t\t<div class=\"elementor-widget-container\">\n\t\t\t\t\t\t\t\t\t\t\t\t\t<\/div>\n\t\t\t\t<\/div>\n\t\t\t\t<div class=\"elementor-element elementor-element-4157a523 elementor-widget elementor-widget-text-editor\" data-id=\"4157a523\" data-element_type=\"widget\" data-widget_type=\"text-editor.default\">\n\t\t\t\t<div class=\"elementor-widget-container\">\n\t\t\t\t\t\t\t<p>Ihre Seminare werden in der seit 2016 bestehenden Heidrun Reusch Akademie abgehalten.<\/p>\t\t\t\t\t\t<\/div>\n\t\t\t\t<\/div>\n\t\t\t\t<div class=\"elementor-element elementor-element-27067c5c elementor-widget elementor-widget-text-editor\" data-id=\"27067c5c\" data-element_type=\"widget\" data-widget_type=\"text-editor.default\">\n\t\t\t\t<div class=\"elementor-widget-container\">\n\t\t\t\t\t\t\t\t\t\t\t\t\t<\/div>\n\t\t\t\t<\/div>\n\t\t\t\t<div class=\"elementor-element elementor-element-ded94f0 elementor-widget elementor-widget-text-editor\" data-id=\"ded94f0\" data-element_type=\"widget\" data-widget_type=\"text-editor.default\">\n\t\t\t\t<div class=\"elementor-widget-container\">\n\t\t\t\t\t\t\t<p>Bildmaterial: pixabay<\/p>\t\t\t\t\t\t<\/div>\n\t\t\t\t<\/div>\n\t\t\t\t\t<\/div>\n\t\t<\/div>\n\t\t\t\t\t\t\t<\/div>\n\t\t<\/section>\n\t\t\t\t\t\t\t<\/div>\n\t\t","protected":false},"excerpt":{"rendered":"<p>seminar details Es erwarten Sie exklusive Seminare zur\u00a0Weiterbildung\/Qualit\u00e4tssicherung\u00a0mit interessanten Menschen in attraktiven Locations, Pr\u00e4senz- oder live-online. Die Seminare sind f\u00fcr [&hellip;]<\/p>\n","protected":false},"author":1,"featured_media":0,"parent":4,"menu_order":3,"comment_status":"closed","ping_status":"closed","template":"","meta":{"kt_blocks_editor_width":"","spay_email":""},"aioseo_notices":[],"_links":{"self":[{"href":"https:\/\/architekturpsychologie.net\/index.php?rest_route=\/wp\/v2\/pages\/1146"}],"collection":[{"href":"https:\/\/architekturpsychologie.net\/index.php?rest_route=\/wp\/v2\/pages"}],"about":[{"href":"https:\/\/architekturpsychologie.net\/index.php?rest_route=\/wp\/v2\/types\/page"}],"author":[{"embeddable":true,"href":"https:\/\/architekturpsychologie.net\/index.php?rest_route=\/wp\/v2\/users\/1"}],"replies":[{"embeddable":true,"href":"https:\/\/architekturpsychologie.net\/index.php?rest_route=%2Fwp%2Fv2%2Fcomments&post=1146"}],"version-history":[{"count":548,"href":"https:\/\/architekturpsychologie.net\/index.php?rest_route=\/wp\/v2\/pages\/1146\/revisions"}],"predecessor-version":[{"id":6217,"href":"https:\/\/architekturpsychologie.net\/index.php?rest_route=\/wp\/v2\/pages\/1146\/revisions\/6217"}],"up":[{"embeddable":true,"href":"https:\/\/architekturpsychologie.net\/index.php?rest_route=\/wp\/v2\/pages\/4"}],"wp:attachment":[{"href":"https:\/\/architekturpsychologie.net\/index.php?rest_route=%2Fwp%2Fv2%2Fmedia&parent=1146"}],"curies":[{"name":"wp","href":"https:\/\/api.w.org\/{rel}","templated":true}]}}