{"id":1329,"date":"2021-04-26T11:31:19","date_gmt":"2021-04-26T11:31:19","guid":{"rendered":"https:\/\/architekturpsychologie.net\/?page_id=1329"},"modified":"2026-03-15T14:54:32","modified_gmt":"2026-03-15T12:54:32","slug":"architekturpsychologie","status":"publish","type":"page","link":"https:\/\/architekturpsychologie.net\/?page_id=1329","title":{"rendered":"ARCHITEKTURPSYCHOLOGIE"},"content":{"rendered":"\t\t<div data-elementor-type=\"wp-page\" data-elementor-id=\"1329\" class=\"elementor elementor-1329\">\n\t\t\t\t\t\t\t\t\t<section class=\"elementor-section elementor-top-section elementor-element elementor-element-6a28197a elementor-section-full_width elementor-section-content-middle elementor-section-height-default elementor-section-height-default\" data-id=\"6a28197a\" data-element_type=\"section\">\n\t\t\t\t\t\t<div class=\"elementor-container elementor-column-gap-no\">\n\t\t\t\t\t<div class=\"elementor-column elementor-col-50 elementor-top-column elementor-element elementor-element-6a62c308\" data-id=\"6a62c308\" data-element_type=\"column\" data-settings=\"{&quot;background_background&quot;:&quot;classic&quot;}\">\n\t\t\t<div class=\"elementor-widget-wrap elementor-element-populated\">\n\t\t\t\t\t<div class=\"elementor-background-overlay\"><\/div>\n\t\t\t\t\t\t\t\t<div class=\"elementor-element elementor-element-332b235f elementor-widget elementor-widget-heading\" data-id=\"332b235f\" data-element_type=\"widget\" data-widget_type=\"heading.default\">\n\t\t\t\t<div class=\"elementor-widget-container\">\n\t\t\t<h4 class=\"elementor-heading-title elementor-size-small\">wof\u00fcr \neigentlich\nArchitektur-\npsycho-<br>logie?<br><\/h4>\t\t<\/div>\n\t\t\t\t<\/div>\n\t\t\t\t\t<\/div>\n\t\t<\/div>\n\t\t\t\t<div class=\"elementor-column elementor-col-50 elementor-top-column elementor-element elementor-element-2b804483\" data-id=\"2b804483\" data-element_type=\"column\">\n\t\t\t<div class=\"elementor-widget-wrap elementor-element-populated\">\n\t\t\t\t\t\t\t\t<div class=\"elementor-element elementor-element-7655cab5 elementor-widget elementor-widget-text-editor\" data-id=\"7655cab5\" data-element_type=\"widget\" data-widget_type=\"text-editor.default\">\n\t\t\t\t<div class=\"elementor-widget-container\">\n\t\t\t\t\t\t\t<p>Architektur hat grunds\u00e4tzlich und unabdingbar Einfluss auf den Menschen! Sie kann mit Sinn-voller Planung zur besseren Arbeitsatmosph\u00e4re und Genesung beitragen aber auch Stress ausl\u00f6sen und Ihre Lebensqualit\u00e4t deutlich senken.<\/p><p>Dieses Problem wird in der Architekturpsychologie durch optimalen Einsatz von strukturierten L\u00f6sungsvorschl\u00e4gen gel\u00f6st.<\/p>\t\t\t\t\t\t<\/div>\n\t\t\t\t<\/div>\n\t\t\t\t<div class=\"elementor-element elementor-element-8c8b81f elementor-widget elementor-widget-text-editor\" data-id=\"8c8b81f\" data-element_type=\"widget\" data-widget_type=\"text-editor.default\">\n\t\t\t\t<div class=\"elementor-widget-container\">\n\t\t\t\t\t\t\tDiese L\u00f6sungen werden eingesetzt:\n<ul>\n \t<li>in B\u00fcros,<\/li>\n \t<li>in Krankenh\u00e4usern,<\/li>\n \t<li>in Seniorenwohnheimen,<\/li>\n \t<li>in Kinderheimen, Kinderhorten, Kindertagesst\u00e4tten, Kinderg\u00e4rten<\/li>\n \t<li>in Schulen, Universit\u00e4ten<\/li>\n \t<li>in \u00f6ffentlichen Geb\u00e4uden sowie<\/li>\n \t<li>im privaten Wohnraum<\/li>\n<\/ul>\nAngestrebt wird:\n<ul>\n \t<li>eine bessere und angenehmere Arbeitsleistung,<\/li>\n \t<li>eine bessere und schnellere Genesung,<\/li>\n \t<li>ein harmonisches Miteinander,<\/li>\n \t<li>ein Sinn-ansprechender Aufenthalt und<\/li>\n \t<li>eine repr\u00e4sentative, ausgeglichene bzw. stimmungsvolle Wohnatmosph\u00e4re.<\/li>\n<\/ul>\n\t\t\t\t\t\t<\/div>\n\t\t\t\t<\/div>\n\t\t\t\t<div class=\"elementor-element elementor-element-d7023fa elementor-widget elementor-widget-text-editor\" data-id=\"d7023fa\" data-element_type=\"widget\" data-widget_type=\"text-editor.default\">\n\t\t\t\t<div class=\"elementor-widget-container\">\n\t\t\t\t\t\t\t<p>Ein paar Beispiele:<\/p><p>Durch die bessere Arbeitsatmosph\u00e4re in B\u00fcros ist ein angenehmeres und effektiveres Arbeiten m\u00f6glich. Die Motivation und der Umsatz k\u00f6nnen dadurch deutlich gesteigert werden.<\/p><p>In Krankenh\u00e4usern w\u00fcrden PatientInnen durch ihre schnellere Genesung die Kosten der Solidargemeinschaft Krankenkasse reduzieren.<\/p><p>In Seniorenwohnheimen wird weniger Stress beim Pflegepersonal entstehen, wenn sich die Bewohnerinnen und Bewohner in einer sinnvollen, stimulierenden und harmonischen Umgebung befinden.<\/p><p>In Kinderheimen wird auf den Einsatz von Privatheit und Halb\u00f6ffentlichkeit in der Architekturpsychologie Wert gelegt.<\/p><p>In Schulen und Universit\u00e4ten wird das soziale Miteinander und ein konzentriertes Arbeiten gef\u00f6rdert.<\/p><p>Im konkurrierenden Business werden die Kundinnen und Kunden bevorzugt der stimmigen Architektur gegen\u00fcber der disharmonischen, erm\u00fcdenden und abweisenden Architektur den Vorzug geben.\u00a0<\/p><p>Interessant gestaltete Wohnr\u00e4ume, sollen den Bewohner \/ die Bewohnerin repr\u00e4sentieren. Positive Emotionen werden durch eine interessante und anspruchsvolle Gestaltung sinnvoll erweckt.<br \/>Gern d\u00fcrfen BesucherInnen beim Eintritt in Ihr Haus in positives Erstaunen versetzt werden! WOW!!<\/p>\t\t\t\t\t\t<\/div>\n\t\t\t\t<\/div>\n\t\t\t\t\t<\/div>\n\t\t<\/div>\n\t\t\t\t\t\t\t<\/div>\n\t\t<\/section>\n\t\t\t\t<section class=\"elementor-section elementor-top-section elementor-element elementor-element-8ddb437 elementor-section-boxed elementor-section-height-default elementor-section-height-default\" data-id=\"8ddb437\" data-element_type=\"section\">\n\t\t\t\t\t\t<div class=\"elementor-container elementor-column-gap-default\">\n\t\t\t\t\t<div class=\"elementor-column elementor-col-100 elementor-top-column elementor-element elementor-element-bdb906f\" data-id=\"bdb906f\" data-element_type=\"column\">\n\t\t\t<div class=\"elementor-widget-wrap elementor-element-populated\">\n\t\t\t\t\t\t\t\t<div class=\"elementor-element elementor-element-ec4b7ce elementor-widget elementor-widget-heading\" data-id=\"ec4b7ce\" data-element_type=\"widget\" data-widget_type=\"heading.default\">\n\t\t\t\t<div class=\"elementor-widget-container\">\n\t\t\t<h2 class=\"elementor-heading-title elementor-size-default\">Tel.: 0171 757 65 63    info@architekturpsychologie.net <\/h2>\t\t<\/div>\n\t\t\t\t<\/div>\n\t\t\t\t\t<\/div>\n\t\t<\/div>\n\t\t\t\t\t\t\t<\/div>\n\t\t<\/section>\n\t\t\t\t<section class=\"elementor-section elementor-top-section elementor-element elementor-element-cf2b94d elementor-section-boxed elementor-section-height-default elementor-section-height-default\" data-id=\"cf2b94d\" data-element_type=\"section\">\n\t\t\t\t\t\t<div class=\"elementor-container elementor-column-gap-default\">\n\t\t\t\t\t<div class=\"elementor-column elementor-col-100 elementor-top-column elementor-element elementor-element-c51c54e\" data-id=\"c51c54e\" data-element_type=\"column\">\n\t\t\t<div class=\"elementor-widget-wrap elementor-element-populated\">\n\t\t\t\t\t\t\t\t<div class=\"elementor-element elementor-element-6ac9be1 elementor-widget elementor-widget-sidebar\" data-id=\"6ac9be1\" data-element_type=\"widget\" data-widget_type=\"sidebar.default\">\n\t\t\t\t<div class=\"elementor-widget-container\">\n\t\t\t<section id=\"search-2\" class=\"widget widget_search\"><form role=\"search\" method=\"get\" class=\"search-form\" action=\"https:\/\/architekturpsychologie.net\/\">\n\t\t\t\t<label>\n\t\t\t\t\t<span class=\"screen-reader-text\">Suche nach:<\/span>\n\t\t\t\t\t<input type=\"search\" class=\"search-field\" placeholder=\"Suche\u00a0\u2026\" value=\"\" name=\"s\" \/>\n\t\t\t\t<\/label>\n\t\t\t\t<input type=\"submit\" class=\"search-submit\" value=\"Suche\" \/>\n\t\t\t<\/form><\/section><section id=\"recent-comments-2\" class=\"widget widget_recent_comments\"><h4 class=\"widget-title\">Neueste Kommentare<\/h4><ul id=\"recentcomments\"><\/ul><\/section><section id=\"archives-2\" class=\"widget widget_archive\"><h4 class=\"widget-title\">Archive<\/h4>\n\t\t\t<ul>\n\t\t\t\t\t\t\t<\/ul>\n\n\t\t\t<\/section><section id=\"meta-2\" class=\"widget widget_meta\"><h4 class=\"widget-title\">Meta<\/h4>\n\t\t<ul>\n\t\t\t\t\t\t<li><a href=\"https:\/\/architekturpsychologie.net\/wp-login.php\">Anmelden<\/a><\/li>\n\t\t\t<li><a href=\"https:\/\/architekturpsychologie.net\/?feed=rss2\">Feed der Eintr\u00e4ge<\/a><\/li>\n\t\t\t<li><a href=\"https:\/\/architekturpsychologie.net\/?feed=comments-rss2\">Kommentare-Feed<\/a><\/li>\n\n\t\t\t<li><a href=\"https:\/\/de.wordpress.org\/\">WordPress.org<\/a><\/li>\n\t\t<\/ul>\n\n\t\t<\/section><section id=\"categories-3\" class=\"widget widget_categories\"><h4 class=\"widget-title\">Kategorien<\/h4>\n\t\t\t<ul>\n\t\t\t\t<li class=\"cat-item-none\">Keine Kategorien<\/li>\t\t\t<\/ul>\n\n\t\t\t<\/section>\t\t<\/div>\n\t\t\t\t<\/div>\n\t\t\t\t\t<\/div>\n\t\t<\/div>\n\t\t\t\t\t\t\t<\/div>\n\t\t<\/section>\n\t\t\t\t\t\t\t<\/div>\n\t\t","protected":false},"excerpt":{"rendered":"<p>wof\u00fcr eigentlich Architektur- psycho- logie? Architektur hat grunds\u00e4tzlich und unabdingbar Einfluss auf den Menschen! Sie kann mit Sinn-voller Planung zur [&hellip;]<\/p>\n","protected":false},"author":1,"featured_media":0,"parent":4,"menu_order":0,"comment_status":"closed","ping_status":"closed","template":"","meta":{"kt_blocks_editor_width":"","spay_email":""},"aioseo_notices":[],"_links":{"self":[{"href":"https:\/\/architekturpsychologie.net\/index.php?rest_route=\/wp\/v2\/pages\/1329"}],"collection":[{"href":"https:\/\/architekturpsychologie.net\/index.php?rest_route=\/wp\/v2\/pages"}],"about":[{"href":"https:\/\/architekturpsychologie.net\/index.php?rest_route=\/wp\/v2\/types\/page"}],"author":[{"embeddable":true,"href":"https:\/\/architekturpsychologie.net\/index.php?rest_route=\/wp\/v2\/users\/1"}],"replies":[{"embeddable":true,"href":"https:\/\/architekturpsychologie.net\/index.php?rest_route=%2Fwp%2Fv2%2Fcomments&post=1329"}],"version-history":[{"count":156,"href":"https:\/\/architekturpsychologie.net\/index.php?rest_route=\/wp\/v2\/pages\/1329\/revisions"}],"predecessor-version":[{"id":6223,"href":"https:\/\/architekturpsychologie.net\/index.php?rest_route=\/wp\/v2\/pages\/1329\/revisions\/6223"}],"up":[{"embeddable":true,"href":"https:\/\/architekturpsychologie.net\/index.php?rest_route=\/wp\/v2\/pages\/4"}],"wp:attachment":[{"href":"https:\/\/architekturpsychologie.net\/index.php?rest_route=%2Fwp%2Fv2%2Fmedia&parent=1329"}],"curies":[{"name":"wp","href":"https:\/\/api.w.org\/{rel}","templated":true}]}}