{"id":2741,"date":"2021-05-29T07:39:57","date_gmt":"2021-05-29T07:39:57","guid":{"rendered":"https:\/\/architekturpsychologie.net\/?page_id=2741"},"modified":"2021-07-25T11:35:03","modified_gmt":"2021-07-25T11:35:03","slug":"vita","status":"publish","type":"page","link":"https:\/\/architekturpsychologie.net\/?page_id=2741","title":{"rendered":"VITA"},"content":{"rendered":"\t\t<div data-elementor-type=\"wp-page\" data-elementor-id=\"2741\" class=\"elementor elementor-2741\">\n\t\t\t\t\t\t\t\t\t<section class=\"elementor-section elementor-top-section elementor-element elementor-element-60bf5a5 elementor-section-boxed elementor-section-height-default elementor-section-height-default\" data-id=\"60bf5a5\" data-element_type=\"section\">\n\t\t\t\t\t\t<div class=\"elementor-container elementor-column-gap-default\">\n\t\t\t\t\t<div class=\"elementor-column elementor-col-100 elementor-top-column elementor-element elementor-element-24241dd\" data-id=\"24241dd\" data-element_type=\"column\">\n\t\t\t<div class=\"elementor-widget-wrap elementor-element-populated\">\n\t\t\t\t\t\t\t\t<div class=\"elementor-element elementor-element-344dfff elementor-widget elementor-widget-image\" data-id=\"344dfff\" data-element_type=\"widget\" data-widget_type=\"image.default\">\n\t\t\t\t<div class=\"elementor-widget-container\">\n\t\t\t\t\t\t\t\t\t\t\t\t\t\t\t<img width=\"1024\" height=\"959\" src=\"https:\/\/architekturpsychologie.net\/wp-content\/uploads\/2021\/05\/HL01196_bea-1024x959.jpg\" class=\"attachment-large size-large wp-image-1712\" alt=\"Heidrun Reusch\" loading=\"lazy\" srcset=\"https:\/\/architekturpsychologie.net\/wp-content\/uploads\/2021\/05\/HL01196_bea-1024x959.jpg 1024w, https:\/\/architekturpsychologie.net\/wp-content\/uploads\/2021\/05\/HL01196_bea-300x281.jpg 300w, https:\/\/architekturpsychologie.net\/wp-content\/uploads\/2021\/05\/HL01196_bea-768x719.jpg 768w, https:\/\/architekturpsychologie.net\/wp-content\/uploads\/2021\/05\/HL01196_bea-720x674.jpg 720w, https:\/\/architekturpsychologie.net\/wp-content\/uploads\/2021\/05\/HL01196_bea-e1624955524806.jpg 1504w\" sizes=\"(max-width: 1024px) 100vw, 1024px\" \/>\t\t\t\t\t\t\t\t\t\t\t\t\t\t\t<\/div>\n\t\t\t\t<\/div>\n\t\t\t\t\t<\/div>\n\t\t<\/div>\n\t\t\t\t\t\t\t<\/div>\n\t\t<\/section>\n\t\t\t\t<section class=\"elementor-section elementor-top-section elementor-element elementor-element-142758f5 elementor-section-content-middle elementor-section-boxed elementor-section-height-default elementor-section-height-default\" data-id=\"142758f5\" data-element_type=\"section\">\n\t\t\t\t\t\t<div class=\"elementor-container elementor-column-gap-no\">\n\t\t\t\t\t<div class=\"elementor-column elementor-col-50 elementor-top-column elementor-element elementor-element-4837e177\" data-id=\"4837e177\" data-element_type=\"column\">\n\t\t\t<div class=\"elementor-widget-wrap elementor-element-populated\">\n\t\t\t\t\t\t\t\t<div class=\"elementor-element elementor-element-2f75c0c7 elementor-widget-divider--view-line elementor-widget elementor-widget-divider\" data-id=\"2f75c0c7\" data-element_type=\"widget\" data-widget_type=\"divider.default\">\n\t\t\t\t<div class=\"elementor-widget-container\">\n\t\t\t\t\t<div class=\"elementor-divider\">\n\t\t\t<span class=\"elementor-divider-separator\">\n\t\t\t\t\t\t<\/span>\n\t\t<\/div>\n\t\t\t\t<\/div>\n\t\t\t\t<\/div>\n\t\t\t\t<div class=\"elementor-element elementor-element-607cdb6a elementor-widget elementor-widget-heading\" data-id=\"607cdb6a\" data-element_type=\"widget\" data-widget_type=\"heading.default\">\n\t\t\t\t<div class=\"elementor-widget-container\">\n\t\t\t<h4 class=\"elementor-heading-title elementor-size-default\">vita\n\n<\/h4>\t\t<\/div>\n\t\t\t\t<\/div>\n\t\t\t\t\t<\/div>\n\t\t<\/div>\n\t\t\t\t<div class=\"elementor-column elementor-col-50 elementor-top-column elementor-element elementor-element-5304788d\" data-id=\"5304788d\" data-element_type=\"column\">\n\t\t\t<div class=\"elementor-widget-wrap elementor-element-populated\">\n\t\t\t\t\t\t\t\t<div class=\"elementor-element elementor-element-51706aae elementor-widget elementor-widget-text-editor\" data-id=\"51706aae\" data-element_type=\"widget\" data-widget_type=\"text-editor.default\">\n\t\t\t\t<div class=\"elementor-widget-container\">\n\t\t\t\t\t\t\t<p>HEIDRUN REUSCH<\/p><p>Seit \u00fcber vierzig Jahren befasse ich mich inzwischen mit den Themen Raumgestaltung \/ Innenarchitektur \/ Design. Das Erleben eines Raumes und der Architektur haben mich mein ganzes Leben mit Enthusiasmus begleitet.\u00a0<\/p><p>AUSBILDUNG:\u00a0Johannes Kepler-Gymnasium, Berufsschule Dekorateurin, Ausbildereignungspr\u00fcfung,\u00a0Fachschule f\u00fcr Farbe, Werbung und Gestaltung, Fachhochschule f\u00fcr Gestaltung, Universit\u00e4t, GH Kassel,\u00a0Diplom\u00a0\u00d8\u00a01,4, Postgraduate Study:\u00a0Berlage Institut, Amsterdam \u00a0 \u00a0 \u00a0 \u00a0 \u00a0 \u00a0 \u00a0 \u00a0 \u00a0 \u00a0\u00a0<\/p><p>BERUFST\u00c4TIGKEIT: C. F. Keim, Ausbildung zur Dekorateurin, Fa. Serigrafic, Grafische Gestalterin, Dr. Paolo Piva, Mailand, Architektur Praktikum, Michael Fieldman, New York, Architektur Praktikum, O.M.A.\u00a0Office for Metropolitan Prof.\u00a0Rem Koolhaas, Rotterdam, Dipl. Ing. FB\u00a0Architektur,\u00a0Prof. Hans Kollhoff, Berlin Dipl.Ing. FB\u00a0Architektur, Prof. Friedr. Spengelin, Dipl.Ing. FB\u00a0Architektur,\u00a0Profs. v. Gerkan, Marg & Partner, Dipl.Ing. FB\u00a0Architektur, Lufthansa, Stewardess,\u00a0Freischaffende Dozentin\u00a0f\u00fcr\u00a0Visual Merchandising,\u00a0Interior Design am Bildungszentrum f\u00fcr Bau und Gestaltung,\u00a0Lehramtsbef\u00e4higung\u00a0der Stadt M\u00fcnchen,\u00a0Hochschule M\u00fcnchen Architektur, seit 2011 Lehrbeauftragte f\u00fcr Architektur.<\/p><p>AKTIVIT\u00c4TEN:\u00a0Wettbewerb Holl\u00e4ndischer Platz, Kassel \/ 3. Preis, Studienreise Italien \/ 2 Monate,\u00a0Ver\u00f6ffentlichung in \u201eKunst und Architektur\u201c 1990, Video zum Thema Philip Johnson-Glasshouse,\u00a0\u201eBIA Masterclass\u00b492\u201c, Berlage Institut \/ Amsterdam,\u00a0Publikation der Diplomarbeit in \u201eBauwelt\u201c,\u00a0Ausstellungen: \u201edas Bad der Zukunft\u201c, Duisburg, \u201eWohnen am Alsterfleet\u201c Hamburg,\u00a0Wettbewerbs-Preisrichterin, Hamburg, mehrere Ver\u00f6ffentlichungen in Fachzeitschriften, z.B. AIT, Bauwelt, Mappe, Style Guide,\u00a0Studienreisen nach Sri-Lanka \/ 3 Monate; USA und Kanada \/ 3 Monate,\u00a0Aufenthalt in New York \/ 5 Monate,\u00a0Buch:\u201eFassadengestaltung und Farbe\u201c DVA 2007, autodidaktische\u00a0Ausbildung u.a. in Hong Kong in Feng Shui, Mitglied im IHK Pr\u00fcfungsausschuss \u201eGestalterIn f\u00fcr visuelles Marketing\u201c,\u00a0Vorstands-Mitglied:\u201eEurop\u00e4ischer Zentralverband visuelles Marketing \/ Merchandising\u201c,\u00a0Initiatorin und Gr\u00fcnderin des \u201eGestalter\/in f\u00fcr Visuelles Marketing\u201c Pr\u00fcfungs-Wettbewerbs \u201eshow up award 0X\u201c.\u00a0<\/p>\t\t\t\t\t\t<\/div>\n\t\t\t\t<\/div>\n\t\t\t\t<div class=\"elementor-element elementor-element-21e450b3 elementor-widget elementor-widget-text-editor\" data-id=\"21e450b3\" data-element_type=\"widget\" data-widget_type=\"text-editor.default\">\n\t\t\t\t<div class=\"elementor-widget-container\">\n\t\t\t\t\t\t\t<div><p>2016 Gr\u00fcndung\u00a0der Heidrun Reusch Akademie, Akademie-Leitung, 2021\u00a0Gr\u00fcndung der Firma Architekturpsychologie, Firmenleitung.\u00a0<\/p><\/div><div>\u00a0<\/div>\t\t\t\t\t\t<\/div>\n\t\t\t\t<\/div>\n\t\t\t\t\t<\/div>\n\t\t<\/div>\n\t\t\t\t\t\t\t<\/div>\n\t\t<\/section>\n\t\t\t\t<section class=\"elementor-section elementor-top-section elementor-element elementor-element-fedf4bc elementor-section-boxed elementor-section-height-default elementor-section-height-default\" data-id=\"fedf4bc\" data-element_type=\"section\">\n\t\t\t\t\t\t<div class=\"elementor-container elementor-column-gap-default\">\n\t\t\t\t\t<div class=\"elementor-column elementor-col-100 elementor-top-column elementor-element elementor-element-e8afc7a\" data-id=\"e8afc7a\" data-element_type=\"column\">\n\t\t\t<div class=\"elementor-widget-wrap elementor-element-populated\">\n\t\t\t\t\t\t\t\t<div class=\"elementor-element elementor-element-6bb5d01 elementor-widget elementor-widget-heading\" data-id=\"6bb5d01\" data-element_type=\"widget\" data-widget_type=\"heading.default\">\n\t\t\t\t<div class=\"elementor-widget-container\">\n\t\t\t<h2 class=\"elementor-heading-title elementor-size-default\">Tel.: 0171 757 65 63    info@architekturpsychologie.net <\/h2>\t\t<\/div>\n\t\t\t\t<\/div>\n\t\t\t\t\t<\/div>\n\t\t<\/div>\n\t\t\t\t\t\t\t<\/div>\n\t\t<\/section>\n\t\t\t\t\t\t\t<\/div>\n\t\t","protected":false},"excerpt":{"rendered":"<p>vita HEIDRUN REUSCH Seit \u00fcber vierzig Jahren befasse ich mich inzwischen mit den Themen Raumgestaltung \/ Innenarchitektur \/ Design. Das [&hellip;]<\/p>\n","protected":false},"author":1,"featured_media":0,"parent":4,"menu_order":6,"comment_status":"closed","ping_status":"closed","template":"","meta":{"kt_blocks_editor_width":"","spay_email":""},"aioseo_notices":[],"_links":{"self":[{"href":"https:\/\/architekturpsychologie.net\/index.php?rest_route=\/wp\/v2\/pages\/2741"}],"collection":[{"href":"https:\/\/architekturpsychologie.net\/index.php?rest_route=\/wp\/v2\/pages"}],"about":[{"href":"https:\/\/architekturpsychologie.net\/index.php?rest_route=\/wp\/v2\/types\/page"}],"author":[{"embeddable":true,"href":"https:\/\/architekturpsychologie.net\/index.php?rest_route=\/wp\/v2\/users\/1"}],"replies":[{"embeddable":true,"href":"https:\/\/architekturpsychologie.net\/index.php?rest_route=%2Fwp%2Fv2%2Fcomments&post=2741"}],"version-history":[{"count":35,"href":"https:\/\/architekturpsychologie.net\/index.php?rest_route=\/wp\/v2\/pages\/2741\/revisions"}],"predecessor-version":[{"id":5533,"href":"https:\/\/architekturpsychologie.net\/index.php?rest_route=\/wp\/v2\/pages\/2741\/revisions\/5533"}],"up":[{"embeddable":true,"href":"https:\/\/architekturpsychologie.net\/index.php?rest_route=\/wp\/v2\/pages\/4"}],"wp:attachment":[{"href":"https:\/\/architekturpsychologie.net\/index.php?rest_route=%2Fwp%2Fv2%2Fmedia&parent=2741"}],"curies":[{"name":"wp","href":"https:\/\/api.w.org\/{rel}","templated":true}]}}