{"id":6008,"date":"2024-12-29T14:38:51","date_gmt":"2024-12-29T12:38:51","guid":{"rendered":"https:\/\/architekturpsychologie.net\/?page_id=6008"},"modified":"2024-12-30T13:59:32","modified_gmt":"2024-12-30T11:59:32","slug":"thim-traum-haus-im-modell","status":"publish","type":"page","link":"https:\/\/architekturpsychologie.net\/?page_id=6008","title":{"rendered":"THiM Traum-Haus im Modell"},"content":{"rendered":"\t\t<div data-elementor-type=\"wp-post\" data-elementor-id=\"6008\" class=\"elementor elementor-6008\">\n\t\t\t\t\t\t\t\t\t<section class=\"elementor-section elementor-top-section elementor-element elementor-element-9228eb0 elementor-section-boxed elementor-section-height-default elementor-section-height-default\" data-id=\"9228eb0\" data-element_type=\"section\">\n\t\t\t\t\t\t<div class=\"elementor-container elementor-column-gap-default\">\n\t\t\t\t\t<div class=\"elementor-column elementor-col-100 elementor-top-column elementor-element elementor-element-7d53bea\" data-id=\"7d53bea\" data-element_type=\"column\">\n\t\t\t<div class=\"elementor-widget-wrap elementor-element-populated\">\n\t\t\t\t\t\t\t\t<div class=\"elementor-element elementor-element-5d8f37c elementor-widget elementor-widget-image\" data-id=\"5d8f37c\" data-element_type=\"widget\" data-widget_type=\"image.default\">\n\t\t\t\t<div class=\"elementor-widget-container\">\n\t\t\t\t\t\t\t\t\t\t\t\t\t\t\t<img width=\"1024\" height=\"587\" src=\"https:\/\/architekturpsychologie.net\/wp-content\/uploads\/2021\/04\/BB716498-8F09-4880-8EFF-9C3E761E7A75-e1735553624221-1024x587.jpeg\" class=\"attachment-large size-large wp-image-240\" alt=\"\" loading=\"lazy\" srcset=\"https:\/\/architekturpsychologie.net\/wp-content\/uploads\/2021\/04\/BB716498-8F09-4880-8EFF-9C3E761E7A75-e1735553624221-1024x587.jpeg 1024w, https:\/\/architekturpsychologie.net\/wp-content\/uploads\/2021\/04\/BB716498-8F09-4880-8EFF-9C3E761E7A75-e1735553624221-300x172.jpeg 300w, https:\/\/architekturpsychologie.net\/wp-content\/uploads\/2021\/04\/BB716498-8F09-4880-8EFF-9C3E761E7A75-e1735553624221-768x440.jpeg 768w, https:\/\/architekturpsychologie.net\/wp-content\/uploads\/2021\/04\/BB716498-8F09-4880-8EFF-9C3E761E7A75-e1735553624221-720x413.jpeg 720w, https:\/\/architekturpsychologie.net\/wp-content\/uploads\/2021\/04\/BB716498-8F09-4880-8EFF-9C3E761E7A75-e1735553624221.jpeg 1061w\" sizes=\"(max-width: 1024px) 100vw, 1024px\" \/>\t\t\t\t\t\t\t\t\t\t\t\t\t\t\t<\/div>\n\t\t\t\t<\/div>\n\t\t\t\t\t<\/div>\n\t\t<\/div>\n\t\t\t\t\t\t\t<\/div>\n\t\t<\/section>\n\t\t\t\t<section class=\"elementor-section elementor-top-section elementor-element elementor-element-e2bdd9b elementor-section-boxed elementor-section-height-default elementor-section-height-default\" data-id=\"e2bdd9b\" data-element_type=\"section\">\n\t\t\t\t\t\t<div class=\"elementor-container elementor-column-gap-default\">\n\t\t\t\t\t<div class=\"elementor-column elementor-col-100 elementor-top-column elementor-element elementor-element-11affcc\" data-id=\"11affcc\" data-element_type=\"column\">\n\t\t\t<div class=\"elementor-widget-wrap elementor-element-populated\">\n\t\t\t\t\t\t\t\t<div class=\"elementor-element elementor-element-ac50a55 elementor-widget elementor-widget-heading\" data-id=\"ac50a55\" data-element_type=\"widget\" data-widget_type=\"heading.default\">\n\t\t\t\t<div class=\"elementor-widget-container\">\n\t\t\t<h2 class=\"elementor-heading-title elementor-size-default\">THiM Traum-Haus im Modell<\/h2>\t\t<\/div>\n\t\t\t\t<\/div>\n\t\t\t\t<div class=\"elementor-element elementor-element-3e2ce68 elementor-widget elementor-widget-text-editor\" data-id=\"3e2ce68\" data-element_type=\"widget\" data-widget_type=\"text-editor.default\">\n\t\t\t\t<div class=\"elementor-widget-container\">\n\t\t\t\t\t\t\t<p>Wir erstellen Ihr Traum-Haus im Modell. Ihre Architektur-Visionen haptisch und dreidimensional visualisiert. Sie stellen das Modell als Kunst-Skulptur in Ihrem Umfeld auf und werden es st\u00e4ndig betrachten, als w\u00e4re es bereits real.\u00a0<\/p>\t\t\t\t\t\t<\/div>\n\t\t\t\t<\/div>\n\t\t\t\t<div class=\"elementor-element elementor-element-b94e819 elementor-widget elementor-widget-text-editor\" data-id=\"b94e819\" data-element_type=\"widget\" data-widget_type=\"text-editor.default\">\n\t\t\t\t<div class=\"elementor-widget-container\">\n\t\t\t\t\t\t\t\t\t\t\t\t\t<\/div>\n\t\t\t\t<\/div>\n\t\t\t\t<section class=\"elementor-section elementor-inner-section elementor-element elementor-element-bcefa9c elementor-section-boxed elementor-section-height-default elementor-section-height-default\" data-id=\"bcefa9c\" data-element_type=\"section\">\n\t\t\t\t\t\t<div class=\"elementor-container elementor-column-gap-default\">\n\t\t\t\t\t<div class=\"elementor-column elementor-col-50 elementor-inner-column elementor-element elementor-element-ab15e83\" data-id=\"ab15e83\" data-element_type=\"column\">\n\t\t\t<div class=\"elementor-widget-wrap elementor-element-populated\">\n\t\t\t\t\t\t\t\t<div class=\"elementor-element elementor-element-8b71286 elementor-widget__width-inherit elementor-widget elementor-widget-text-editor\" data-id=\"8b71286\" data-element_type=\"widget\" data-widget_type=\"text-editor.default\">\n\t\t\t\t<div class=\"elementor-widget-container\">\n\t\t\t\t\t\t\t<p>Was w\u00e4re, wenn Sie keine Einschr\u00e4nkungen beim Entwurf f\u00fcr Ihr Traum-Haus h\u00e4tten?<\/p><p>Wenn Sie -ganz individuell- Ihre k\u00fchnsten Architektur-Visionen darstellen k\u00f6nnten?<\/p><p>Wenn alle architekturpsychologisch relevanten Eigenschaften selbstverst\u00e4ndlich integriert w\u00fcrden?<\/p>\t\t\t\t\t\t<\/div>\n\t\t\t\t<\/div>\n\t\t\t\t\t<\/div>\n\t\t<\/div>\n\t\t\t\t<div class=\"elementor-column elementor-col-50 elementor-inner-column elementor-element elementor-element-026d164\" data-id=\"026d164\" data-element_type=\"column\">\n\t\t\t<div class=\"elementor-widget-wrap elementor-element-populated\">\n\t\t\t\t\t\t\t\t<div class=\"elementor-element elementor-element-14b832f elementor-widget elementor-widget-text-editor\" data-id=\"14b832f\" data-element_type=\"widget\" data-widget_type=\"text-editor.default\">\n\t\t\t\t<div class=\"elementor-widget-container\">\n\t\t\t\t\t\t\t<p>Sie w\u00fcrden den Ort und das Grundst\u00fcck frei nach Ihren pers\u00f6nlichen Vorlieben w\u00e4hlen. Die Gr\u00f6\u00dfe, Kubatur und Grundfl\u00e4che bestimmen alleine Sie!<\/p>\n<p>Alle architekturpsychologischen Gesichtspunkte, wie Repr\u00e4sentieren, Erhabenheit, Schutz und faszinierende Raumerfahrung werden nach Ihren Vorlieben und W\u00fcnschen integriert.<\/p>\n<p>Auch alle Features und Inhalte, wie eine gro\u00dfz\u00fcgige Ankleide, der Weinkeller, ein Fitness-Raum, der Swimming-Pool, Ihre Outdoor-Lounges, das Privat-Kino, ein traumhafter Ausblick, Ihr Hubschrauberlandeplatz, und Ihre G\u00e4stezimmer. Alles, soviel Sie m\u00f6gen!<\/p>\n<p>Die Statik, die ausbremsenden Bau-Normen und -Gesetze, die Abstandsfl\u00e4chen, die Nachbarn und vor Allem die Kosten sind in diesem Fall \u00fcberhaupt nicht existent! Eine sch\u00f6ne Vorstellung!<\/p>\n<p>&#8220;Bauen&#8221; Sie Ihr <em><strong>Traum-Haus im Modell<\/strong><\/em><\/p>\t\t\t\t\t\t<\/div>\n\t\t\t\t<\/div>\n\t\t\t\t\t<\/div>\n\t\t<\/div>\n\t\t\t\t\t\t\t<\/div>\n\t\t<\/section>\n\t\t\t\t\t<\/div>\n\t\t<\/div>\n\t\t\t\t\t\t\t<\/div>\n\t\t<\/section>\n\t\t\t\t<section class=\"elementor-section elementor-top-section elementor-element elementor-element-d58ca5d elementor-section-boxed elementor-section-height-default elementor-section-height-default\" data-id=\"d58ca5d\" data-element_type=\"section\">\n\t\t\t\t\t\t<div class=\"elementor-container elementor-column-gap-default\">\n\t\t\t\t\t<div class=\"elementor-column elementor-col-100 elementor-top-column elementor-element elementor-element-0884cd1\" data-id=\"0884cd1\" data-element_type=\"column\">\n\t\t\t<div class=\"elementor-widget-wrap elementor-element-populated\">\n\t\t\t\t\t\t\t\t<div class=\"elementor-element elementor-element-9d70d03 elementor-widget elementor-widget-image\" data-id=\"9d70d03\" data-element_type=\"widget\" data-widget_type=\"image.default\">\n\t\t\t\t<div class=\"elementor-widget-container\">\n\t\t\t\t\t\t\t\t\t\t\t\t<figure class=\"wp-caption\">\n\t\t\t\t\t\t\t\t\t\t<img width=\"685\" height=\"1024\" src=\"https:\/\/architekturpsychologie.net\/wp-content\/uploads\/2021\/04\/Bildschirmfoto-2021-04-14-um-20.05.45-685x1024.png\" class=\"attachment-large size-large wp-image-1183\" alt=\"\" loading=\"lazy\" srcset=\"https:\/\/architekturpsychologie.net\/wp-content\/uploads\/2021\/04\/Bildschirmfoto-2021-04-14-um-20.05.45-685x1024.png 685w, https:\/\/architekturpsychologie.net\/wp-content\/uploads\/2021\/04\/Bildschirmfoto-2021-04-14-um-20.05.45-201x300.png 201w, https:\/\/architekturpsychologie.net\/wp-content\/uploads\/2021\/04\/Bildschirmfoto-2021-04-14-um-20.05.45-768x1148.png 768w, https:\/\/architekturpsychologie.net\/wp-content\/uploads\/2021\/04\/Bildschirmfoto-2021-04-14-um-20.05.45-1028x1536.png 1028w, https:\/\/architekturpsychologie.net\/wp-content\/uploads\/2021\/04\/Bildschirmfoto-2021-04-14-um-20.05.45-720x1076.png 720w, https:\/\/architekturpsychologie.net\/wp-content\/uploads\/2021\/04\/Bildschirmfoto-2021-04-14-um-20.05.45.png 1242w\" sizes=\"(max-width: 685px) 100vw, 685px\" \/>\t\t\t\t\t\t\t\t\t\t\t<figcaption class=\"widget-image-caption wp-caption-text\">Traum-Haus im Modell<\/figcaption>\n\t\t\t\t\t\t\t\t\t\t<\/figure>\n\t\t\t\t\t\t\t\t\t<\/div>\n\t\t\t\t<\/div>\n\t\t\t\t\t<\/div>\n\t\t<\/div>\n\t\t\t\t\t\t\t<\/div>\n\t\t<\/section>\n\t\t\t\t\t\t\t<\/div>\n\t\t","protected":false},"excerpt":{"rendered":"<p>THiM Traum-Haus im Modell Wir erstellen Ihr Traum-Haus im Modell. Ihre Architektur-Visionen haptisch und dreidimensional visualisiert. Sie stellen das Modell [&hellip;]<\/p>\n","protected":false},"author":1,"featured_media":1183,"parent":1122,"menu_order":0,"comment_status":"closed","ping_status":"closed","template":"","meta":{"kt_blocks_editor_width":"","spay_email":""},"aioseo_notices":[],"_links":{"self":[{"href":"https:\/\/architekturpsychologie.net\/index.php?rest_route=\/wp\/v2\/pages\/6008"}],"collection":[{"href":"https:\/\/architekturpsychologie.net\/index.php?rest_route=\/wp\/v2\/pages"}],"about":[{"href":"https:\/\/architekturpsychologie.net\/index.php?rest_route=\/wp\/v2\/types\/page"}],"author":[{"embeddable":true,"href":"https:\/\/architekturpsychologie.net\/index.php?rest_route=\/wp\/v2\/users\/1"}],"replies":[{"embeddable":true,"href":"https:\/\/architekturpsychologie.net\/index.php?rest_route=%2Fwp%2Fv2%2Fcomments&post=6008"}],"version-history":[{"count":99,"href":"https:\/\/architekturpsychologie.net\/index.php?rest_route=\/wp\/v2\/pages\/6008\/revisions"}],"predecessor-version":[{"id":6126,"href":"https:\/\/architekturpsychologie.net\/index.php?rest_route=\/wp\/v2\/pages\/6008\/revisions\/6126"}],"up":[{"embeddable":true,"href":"https:\/\/architekturpsychologie.net\/index.php?rest_route=\/wp\/v2\/pages\/1122"}],"wp:featuredmedia":[{"embeddable":true,"href":"https:\/\/architekturpsychologie.net\/index.php?rest_route=\/wp\/v2\/media\/1183"}],"wp:attachment":[{"href":"https:\/\/architekturpsychologie.net\/index.php?rest_route=%2Fwp%2Fv2%2Fmedia&parent=6008"}],"curies":[{"name":"wp","href":"https:\/\/api.w.org\/{rel}","templated":true}]}}